{"id":8412,"date":"2026-04-16T18:15:32","date_gmt":"2026-04-16T18:15:32","guid":{"rendered":"https:\/\/prossesa.com.mx\/?page_id=8412"},"modified":"2026-04-29T19:27:27","modified_gmt":"2026-04-29T19:27:27","slug":"bombas-linea-leon","status":"publish","type":"page","link":"https:\/\/prossesa.com.mx\/en\/bombas-linea-leon\/","title":{"rendered":"Lion line pumps"},"content":{"rendered":"<div data-elementor-type=\"wp-page\" data-elementor-id=\"8412\" class=\"elementor elementor-8412\" data-elementor-post-type=\"page\">\n\t\t\t\t<div class=\"elementor-element elementor-element-0686afa e-flex e-con-boxed e-con e-parent\" data-id=\"0686afa\" data-element_type=\"container\" data-e-type=\"container\" data-settings=\"{&quot;background_background&quot;:&quot;classic&quot;}\">\n\t\t\t\t\t<div class=\"e-con-inner\">\n\t\t\t\t<div class=\"elementor-element elementor-element-916e92c elementor-widget elementor-widget-heading\" data-id=\"916e92c\" data-element_type=\"widget\" data-e-type=\"widget\" data-widget_type=\"heading.default\">\n\t\t\t\t<div class=\"elementor-widget-container\">\n\t\t\t\t\t<h2 class=\"elementor-heading-title elementor-size-default\">Lion Line Pumps<\/h2>\t\t\t\t<\/div>\n\t\t\t\t<\/div>\n\t\t\t\t\t<\/div>\n\t\t\t\t<\/div>\n\t\t<div class=\"elementor-element elementor-element-7d31e2e e-grid e-con-boxed e-con e-parent\" data-id=\"7d31e2e\" data-element_type=\"container\" data-e-type=\"container\">\n\t\t\t\t\t<div class=\"e-con-inner\">\n\t\t<div class=\"elementor-element elementor-element-ae7f555 e-con-full e-flex e-con e-child\" data-id=\"ae7f555\" data-element_type=\"container\" data-e-type=\"container\">\n\t\t\t\t<div class=\"elementor-element elementor-element-c96a942 elementor-widget elementor-widget-image\" data-id=\"c96a942\" data-element_type=\"widget\" data-e-type=\"widget\" data-widget_type=\"image.default\">\n\t\t\t\t<div class=\"elementor-widget-container\">\n\t\t\t\t\t\t\t\t\t\t\t\t\t\t\t<img decoding=\"async\" width=\"141\" height=\"103\" src=\"https:\/\/prossesa.com.mx\/files\/Captura-de-pantalla-2026-04-29-121608.png\" class=\"attachment-large size-large wp-image-8590\" alt=\"\" srcset=\"https:\/\/prossesa.com.mx\/files\/Captura-de-pantalla-2026-04-29-121608.png 141w, https:\/\/prossesa.com.mx\/files\/Captura-de-pantalla-2026-04-29-121608-16x12.png 16w\" sizes=\"(max-width: 141px) 100vw, 141px\" \/>\t\t\t\t\t\t\t\t\t\t\t\t\t\t\t<\/div>\n\t\t\t\t<\/div>\n\t\t\t\t<div class=\"elementor-element elementor-element-3ede6e6 elementor-widget elementor-widget-heading\" data-id=\"3ede6e6\" data-element_type=\"widget\" data-e-type=\"widget\" data-widget_type=\"heading.default\">\n\t\t\t\t<div class=\"elementor-widget-container\">\n\t\t\t\t\t<h2 class=\"elementor-heading-title elementor-size-default\">Le\u00f3n 150-SN<\/h2>\t\t\t\t<\/div>\n\t\t\t\t<\/div>\n\t\t\t\t<\/div>\n\t\t<div class=\"elementor-element elementor-element-e2d90f9 e-con-full e-flex e-con e-child\" data-id=\"e2d90f9\" data-element_type=\"container\" data-e-type=\"container\">\n\t\t\t\t<div class=\"elementor-element elementor-element-dcbb7bb elementor-widget elementor-widget-image\" data-id=\"dcbb7bb\" data-element_type=\"widget\" data-e-type=\"widget\" data-widget_type=\"image.default\">\n\t\t\t\t<div class=\"elementor-widget-container\">\n\t\t\t\t\t\t\t\t\t\t\t\t\t\t\t<img decoding=\"async\" width=\"94\" height=\"111\" src=\"https:\/\/prossesa.com.mx\/files\/Captura-de-pantalla-2026-04-29-121608-1.png\" class=\"attachment-large size-large wp-image-8592\" alt=\"\" srcset=\"https:\/\/prossesa.com.mx\/files\/Captura-de-pantalla-2026-04-29-121608-1.png 94w, https:\/\/prossesa.com.mx\/files\/Captura-de-pantalla-2026-04-29-121608-1-10x12.png 10w\" sizes=\"(max-width: 94px) 100vw, 94px\" \/>\t\t\t\t\t\t\t\t\t\t\t\t\t\t\t<\/div>\n\t\t\t\t<\/div>\n\t\t\t\t<div class=\"elementor-element elementor-element-bb7bf93 elementor-widget elementor-widget-heading\" data-id=\"bb7bf93\" data-element_type=\"widget\" data-e-type=\"widget\" data-widget_type=\"heading.default\">\n\t\t\t\t<div class=\"elementor-widget-container\">\n\t\t\t\t\t<h2 class=\"elementor-heading-title elementor-size-default\">Lion 150-N<\/h2>\t\t\t\t<\/div>\n\t\t\t\t<\/div>\n\t\t\t\t<\/div>\n\t\t<div class=\"elementor-element elementor-element-3be99cc e-con-full e-flex e-con e-child\" data-id=\"3be99cc\" data-element_type=\"container\" data-e-type=\"container\">\n\t\t\t\t<div class=\"elementor-element elementor-element-086f5e8 elementor-widget elementor-widget-image\" data-id=\"086f5e8\" data-element_type=\"widget\" data-e-type=\"widget\" data-widget_type=\"image.default\">\n\t\t\t\t<div class=\"elementor-widget-container\">\n\t\t\t\t\t\t\t\t\t\t\t\t\t\t\t<img decoding=\"async\" width=\"82\" height=\"106\" src=\"https:\/\/prossesa.com.mx\/files\/Captura-de-pantalla-2026-04-29-121751.png\" class=\"attachment-large size-large wp-image-8597\" alt=\"\" srcset=\"https:\/\/prossesa.com.mx\/files\/Captura-de-pantalla-2026-04-29-121751.png 82w, https:\/\/prossesa.com.mx\/files\/Captura-de-pantalla-2026-04-29-121751-9x12.png 9w\" sizes=\"(max-width: 82px) 100vw, 82px\" \/>\t\t\t\t\t\t\t\t\t\t\t\t\t\t\t<\/div>\n\t\t\t\t<\/div>\n\t\t\t\t<div class=\"elementor-element elementor-element-6272325 elementor-widget elementor-widget-heading\" data-id=\"6272325\" data-element_type=\"widget\" data-e-type=\"widget\" data-widget_type=\"heading.default\">\n\t\t\t\t<div class=\"elementor-widget-container\">\n\t\t\t\t\t<h2 class=\"elementor-heading-title elementor-size-default\">Lion 150-H<\/h2>\t\t\t\t<\/div>\n\t\t\t\t<\/div>\n\t\t\t\t<\/div>\n\t\t\t\t\t<\/div>\n\t\t\t\t<\/div>\n\t\t\t\t<\/div>","protected":false},"excerpt":{"rendered":"<p>Bombas Linea Le\u00f3n Le\u00f3n 150-SN Le\u00f3n 150-N Le\u00f3n 150-H<\/p>","protected":false},"author":4,"featured_media":0,"parent":0,"menu_order":0,"comment_status":"closed","ping_status":"closed","template":"elementor_header_footer","meta":{"nf_dc_page":"","footnotes":""},"class_list":["post-8412","page","type-page","status-publish","hentry"],"_links":{"self":[{"href":"https:\/\/prossesa.com.mx\/en\/wp-json\/wp\/v2\/pages\/8412","targetHints":{"allow":["GET"]}}],"collection":[{"href":"https:\/\/prossesa.com.mx\/en\/wp-json\/wp\/v2\/pages"}],"about":[{"href":"https:\/\/prossesa.com.mx\/en\/wp-json\/wp\/v2\/types\/page"}],"author":[{"embeddable":true,"href":"https:\/\/prossesa.com.mx\/en\/wp-json\/wp\/v2\/users\/4"}],"replies":[{"embeddable":true,"href":"https:\/\/prossesa.com.mx\/en\/wp-json\/wp\/v2\/comments?post=8412"}],"version-history":[{"count":7,"href":"https:\/\/prossesa.com.mx\/en\/wp-json\/wp\/v2\/pages\/8412\/revisions"}],"predecessor-version":[{"id":8719,"href":"https:\/\/prossesa.com.mx\/en\/wp-json\/wp\/v2\/pages\/8412\/revisions\/8719"}],"wp:attachment":[{"href":"https:\/\/prossesa.com.mx\/en\/wp-json\/wp\/v2\/media?parent=8412"}],"curies":[{"name":"wp","href":"https:\/\/api.w.org\/{rel}","templated":true}]}}