{"id":8410,"date":"2026-04-16T18:14:27","date_gmt":"2026-04-16T18:14:27","guid":{"rendered":"https:\/\/prossesa.com.mx\/?page_id=8410"},"modified":"2026-04-29T19:24:31","modified_gmt":"2026-04-29T19:24:31","slug":"bombas-linea-leon-inox","status":"publish","type":"page","link":"https:\/\/prossesa.com.mx\/en\/bombas-linea-leon-inox\/","title":{"rendered":"Bombas l\u00ednea le\u00f3n INOX"},"content":{"rendered":"<div data-elementor-type=\"wp-page\" data-elementor-id=\"8410\" class=\"elementor elementor-8410\" data-elementor-post-type=\"page\">\n\t\t\t\t<div class=\"elementor-element elementor-element-0686afa e-flex e-con-boxed e-con e-parent\" data-id=\"0686afa\" data-element_type=\"container\" data-e-type=\"container\" data-settings=\"{&quot;background_background&quot;:&quot;classic&quot;}\">\n\t\t\t\t\t<div class=\"e-con-inner\">\n\t\t\t\t<div class=\"elementor-element elementor-element-916e92c elementor-widget elementor-widget-heading\" data-id=\"916e92c\" data-element_type=\"widget\" data-e-type=\"widget\" data-widget_type=\"heading.default\">\n\t\t\t\t<div class=\"elementor-widget-container\">\n\t\t\t\t\t<h2 class=\"elementor-heading-title elementor-size-default\">Le\u00f3n Stainless Steel Line Pumps<\/h2>\t\t\t\t<\/div>\n\t\t\t\t<\/div>\n\t\t\t\t\t<\/div>\n\t\t\t\t<\/div>\n\t\t<div class=\"elementor-element elementor-element-7d31e2e e-grid e-con-boxed e-con e-parent\" data-id=\"7d31e2e\" data-element_type=\"container\" data-e-type=\"container\">\n\t\t\t\t\t<div class=\"e-con-inner\">\n\t\t<div class=\"elementor-element elementor-element-ae7f555 e-con-full e-flex e-con e-child\" data-id=\"ae7f555\" data-element_type=\"container\" data-e-type=\"container\">\n\t\t\t\t<div class=\"elementor-element elementor-element-c96a942 elementor-widget elementor-widget-image\" data-id=\"c96a942\" data-element_type=\"widget\" data-e-type=\"widget\" data-widget_type=\"image.default\">\n\t\t\t\t<div class=\"elementor-widget-container\">\n\t\t\t\t\t\t\t\t\t\t\t\t\t\t\t<img decoding=\"async\" width=\"132\" height=\"114\" src=\"https:\/\/prossesa.com.mx\/files\/Captura-de-pantalla-2026-04-29-121138.png\" class=\"attachment-large size-large wp-image-8576\" alt=\"\" srcset=\"https:\/\/prossesa.com.mx\/files\/Captura-de-pantalla-2026-04-29-121138.png 132w, https:\/\/prossesa.com.mx\/files\/Captura-de-pantalla-2026-04-29-121138-14x12.png 14w\" sizes=\"(max-width: 132px) 100vw, 132px\" \/>\t\t\t\t\t\t\t\t\t\t\t\t\t\t\t<\/div>\n\t\t\t\t<\/div>\n\t\t\t\t<div class=\"elementor-element elementor-element-3ede6e6 elementor-widget elementor-widget-heading\" data-id=\"3ede6e6\" data-element_type=\"widget\" data-e-type=\"widget\" data-widget_type=\"heading.default\">\n\t\t\t\t<div class=\"elementor-widget-container\">\n\t\t\t\t\t<h2 class=\"elementor-heading-title elementor-size-default\">Leon 150-SN-INOX<\/h2>\t\t\t\t<\/div>\n\t\t\t\t<\/div>\n\t\t\t\t<\/div>\n\t\t<div class=\"elementor-element elementor-element-e2d90f9 e-con-full e-flex e-con e-child\" data-id=\"e2d90f9\" data-element_type=\"container\" data-e-type=\"container\">\n\t\t\t\t<div class=\"elementor-element elementor-element-dcbb7bb elementor-widget elementor-widget-image\" data-id=\"dcbb7bb\" data-element_type=\"widget\" data-e-type=\"widget\" data-widget_type=\"image.default\">\n\t\t\t\t<div class=\"elementor-widget-container\">\n\t\t\t\t\t\t\t\t\t\t\t\t\t\t\t<img decoding=\"async\" width=\"133\" height=\"103\" src=\"https:\/\/prossesa.com.mx\/files\/Captura-de-pantalla-2026-04-29-121212.png\" class=\"attachment-large size-large wp-image-8581\" alt=\"\" srcset=\"https:\/\/prossesa.com.mx\/files\/Captura-de-pantalla-2026-04-29-121212.png 133w, https:\/\/prossesa.com.mx\/files\/Captura-de-pantalla-2026-04-29-121212-15x12.png 15w\" sizes=\"(max-width: 133px) 100vw, 133px\" \/>\t\t\t\t\t\t\t\t\t\t\t\t\t\t\t<\/div>\n\t\t\t\t<\/div>\n\t\t\t\t<div class=\"elementor-element elementor-element-bb7bf93 elementor-widget elementor-widget-heading\" data-id=\"bb7bf93\" data-element_type=\"widget\" data-e-type=\"widget\" data-widget_type=\"heading.default\">\n\t\t\t\t<div class=\"elementor-widget-container\">\n\t\t\t\t\t<h2 class=\"elementor-heading-title elementor-size-default\">Leon 150-N-INOX<\/h2>\t\t\t\t<\/div>\n\t\t\t\t<\/div>\n\t\t\t\t<\/div>\n\t\t<div class=\"elementor-element elementor-element-3be99cc e-con-full e-flex e-con e-child\" data-id=\"3be99cc\" data-element_type=\"container\" data-e-type=\"container\">\n\t\t\t\t<div class=\"elementor-element elementor-element-086f5e8 elementor-widget elementor-widget-image\" data-id=\"086f5e8\" data-element_type=\"widget\" data-e-type=\"widget\" data-widget_type=\"image.default\">\n\t\t\t\t<div class=\"elementor-widget-container\">\n\t\t\t\t\t\t\t\t\t\t\t\t\t\t\t<img decoding=\"async\" width=\"114\" height=\"147\" src=\"https:\/\/prossesa.com.mx\/files\/Captura-de-pantalla-2026-04-29-121212-1.png\" class=\"attachment-large size-large wp-image-8585\" alt=\"\" srcset=\"https:\/\/prossesa.com.mx\/files\/Captura-de-pantalla-2026-04-29-121212-1.png 114w, https:\/\/prossesa.com.mx\/files\/Captura-de-pantalla-2026-04-29-121212-1-9x12.png 9w\" sizes=\"(max-width: 114px) 100vw, 114px\" \/>\t\t\t\t\t\t\t\t\t\t\t\t\t\t\t<\/div>\n\t\t\t\t<\/div>\n\t\t\t\t<div class=\"elementor-element elementor-element-6272325 elementor-widget elementor-widget-heading\" data-id=\"6272325\" data-element_type=\"widget\" data-e-type=\"widget\" data-widget_type=\"heading.default\">\n\t\t\t\t<div class=\"elementor-widget-container\">\n\t\t\t\t\t<h2 class=\"elementor-heading-title elementor-size-default\">Leon 150-H-INOX<\/h2>\t\t\t\t<\/div>\n\t\t\t\t<\/div>\n\t\t\t\t<\/div>\n\t\t\t\t\t<\/div>\n\t\t\t\t<\/div>\n\t\t\t\t<\/div>","protected":false},"excerpt":{"rendered":"<p>Bombas Linea Le\u00f3n INOX Le\u00f3n 150-SN-INOX Le\u00f3n 150-N-INOX Le\u00f3n 150-H-INOX<\/p>","protected":false},"author":4,"featured_media":0,"parent":0,"menu_order":0,"comment_status":"closed","ping_status":"closed","template":"elementor_header_footer","meta":{"nf_dc_page":"","footnotes":""},"class_list":["post-8410","page","type-page","status-publish","hentry"],"_links":{"self":[{"href":"https:\/\/prossesa.com.mx\/en\/wp-json\/wp\/v2\/pages\/8410","targetHints":{"allow":["GET"]}}],"collection":[{"href":"https:\/\/prossesa.com.mx\/en\/wp-json\/wp\/v2\/pages"}],"about":[{"href":"https:\/\/prossesa.com.mx\/en\/wp-json\/wp\/v2\/types\/page"}],"author":[{"embeddable":true,"href":"https:\/\/prossesa.com.mx\/en\/wp-json\/wp\/v2\/users\/4"}],"replies":[{"embeddable":true,"href":"https:\/\/prossesa.com.mx\/en\/wp-json\/wp\/v2\/comments?post=8410"}],"version-history":[{"count":7,"href":"https:\/\/prossesa.com.mx\/en\/wp-json\/wp\/v2\/pages\/8410\/revisions"}],"predecessor-version":[{"id":8713,"href":"https:\/\/prossesa.com.mx\/en\/wp-json\/wp\/v2\/pages\/8410\/revisions\/8713"}],"wp:attachment":[{"href":"https:\/\/prossesa.com.mx\/en\/wp-json\/wp\/v2\/media?parent=8410"}],"curies":[{"name":"wp","href":"https:\/\/api.w.org\/{rel}","templated":true}]}}