{"id":7922,"date":"2026-01-15T17:59:51","date_gmt":"2026-01-15T17:59:51","guid":{"rendered":"https:\/\/prossesa.com.mx\/?page_id=7922"},"modified":"2026-01-15T18:25:20","modified_gmt":"2026-01-15T18:25:20","slug":"astec-bti","status":"publish","type":"page","link":"https:\/\/prossesa.com.mx\/en\/astec-bti\/","title":{"rendered":"Astec BTI"},"content":{"rendered":"<div data-elementor-type=\"wp-page\" data-elementor-id=\"7922\" class=\"elementor elementor-7922\" data-elementor-post-type=\"page\">\n\t\t\t\t<div class=\"elementor-element elementor-element-28a9f5b e-flex e-con-boxed e-con e-parent\" data-id=\"28a9f5b\" data-element_type=\"container\" data-e-type=\"container\" data-settings=\"{&quot;background_background&quot;:&quot;classic&quot;}\">\n\t\t\t\t\t<div class=\"e-con-inner\">\n\t\t\t\t<div class=\"elementor-element elementor-element-ceb57a8 elementor-widget elementor-widget-heading\" data-id=\"ceb57a8\" data-element_type=\"widget\" data-e-type=\"widget\" data-widget_type=\"heading.default\">\n\t\t\t\t<div class=\"elementor-widget-container\">\n\t\t\t\t\t<h2 class=\"elementor-heading-title elementor-size-default\">ASTEC BTI<\/h2>\t\t\t\t<\/div>\n\t\t\t\t<\/div>\n\t\t\t\t<div class=\"elementor-element elementor-element-05e9c0c elementor-widget__width-initial elementor-widget elementor-widget-text-editor\" data-id=\"05e9c0c\" data-element_type=\"widget\" data-e-type=\"widget\" data-widget_type=\"text-editor.default\">\n\t\t\t\t<div class=\"elementor-widget-container\">\n\t\t\t\t\t\t\t\t\t<p data-start=\"45\" data-end=\"190\">We provide the equipment, expertise, and innovation you need to stay ahead and succeed in a competitive world.<\/p>\t\t\t\t\t\t\t\t<\/div>\n\t\t\t\t<\/div>\n\t\t\t\t\t<\/div>\n\t\t\t\t<\/div>\n\t\t<div class=\"elementor-element elementor-element-1c2ee1f e-flex e-con-boxed e-con e-parent\" data-id=\"1c2ee1f\" data-element_type=\"container\" data-e-type=\"container\">\n\t\t\t\t\t<div class=\"e-con-inner\">\n\t\t<div class=\"elementor-element elementor-element-517a93d e-con-full e-flex e-con e-child\" data-id=\"517a93d\" data-element_type=\"container\" data-e-type=\"container\">\n\t\t\t\t<div class=\"elementor-element elementor-element-89d1188 elementor-widget elementor-widget-heading\" data-id=\"89d1188\" data-element_type=\"widget\" data-e-type=\"widget\" data-widget_type=\"heading.default\">\n\t\t\t\t<div class=\"elementor-widget-container\">\n\t\t\t\t\t<h2 class=\"elementor-heading-title elementor-size-default\">Mobile Scalers<\/h2>\t\t\t\t<\/div>\n\t\t\t\t<\/div>\n\t\t\t\t<div class=\"elementor-element elementor-element-f98cb42 elementor-widget elementor-widget-text-editor\" data-id=\"f98cb42\" data-element_type=\"widget\" data-e-type=\"widget\" data-widget_type=\"text-editor.default\">\n\t\t\t\t<div class=\"elementor-widget-container\">\n\t\t\t\t\t\t\t\t\t<p>Astec mobile reamers offer reliability and increased safety.<\/p>\t\t\t\t\t\t\t\t<\/div>\n\t\t\t\t<\/div>\n\t\t\t\t<div class=\"elementor-element elementor-element-6d27b87 elementor-widget elementor-widget-button\" data-id=\"6d27b87\" data-element_type=\"widget\" data-e-type=\"widget\" data-widget_type=\"button.default\">\n\t\t\t\t<div class=\"elementor-widget-container\">\n\t\t\t\t\t\t\t\t\t<div class=\"elementor-button-wrapper\">\n\t\t\t\t\t<a class=\"elementor-button elementor-button-link elementor-size-sm\" href=\"https:\/\/prossesa.com.mx\/en\/mobile-scalers\/\">\n\t\t\t\t\t\t<span class=\"elementor-button-content-wrapper\">\n\t\t\t\t\t\t\t\t\t<span class=\"elementor-button-text\">More information<\/span>\n\t\t\t\t\t<\/span>\n\t\t\t\t\t<\/a>\n\t\t\t\t<\/div>\n\t\t\t\t\t\t\t\t<\/div>\n\t\t\t\t<\/div>\n\t\t\t\t<\/div>\n\t\t<div class=\"elementor-element elementor-element-725ae27 e-con-full e-flex e-con e-child\" data-id=\"725ae27\" data-element_type=\"container\" data-e-type=\"container\">\n\t\t\t\t<div class=\"elementor-element elementor-element-a5d0685 elementor-widget elementor-widget-image\" data-id=\"a5d0685\" data-element_type=\"widget\" data-e-type=\"widget\" data-widget_type=\"image.default\">\n\t\t\t\t<div class=\"elementor-widget-container\">\n\t\t\t\t\t\t\t\t\t\t\t\t\t\t\t<img fetchpriority=\"high\" decoding=\"async\" width=\"1920\" height=\"700\" src=\"https:\/\/prossesa.com.mx\/files\/mobile-scaler-header-01.jpg\" class=\"attachment-full size-full wp-image-7889\" alt=\"\" srcset=\"https:\/\/prossesa.com.mx\/files\/mobile-scaler-header-01.jpg 1920w, https:\/\/prossesa.com.mx\/files\/mobile-scaler-header-01-300x109.jpg 300w, https:\/\/prossesa.com.mx\/files\/mobile-scaler-header-01-1024x373.jpg 1024w, https:\/\/prossesa.com.mx\/files\/mobile-scaler-header-01-768x280.jpg 768w, https:\/\/prossesa.com.mx\/files\/mobile-scaler-header-01-1536x560.jpg 1536w\" sizes=\"(max-width: 1920px) 100vw, 1920px\" \/>\t\t\t\t\t\t\t\t\t\t\t\t\t\t\t<\/div>\n\t\t\t\t<\/div>\n\t\t\t\t<\/div>\n\t\t\t\t\t<\/div>\n\t\t\t\t<\/div>\n\t\t<div class=\"elementor-element elementor-element-8f5e3ef elementor-hidden-mobile e-flex e-con-boxed e-con e-parent\" data-id=\"8f5e3ef\" data-element_type=\"container\" data-e-type=\"container\">\n\t\t\t\t\t<div class=\"e-con-inner\">\n\t\t<div class=\"elementor-element elementor-element-3ffe787 e-con-full e-flex e-con e-child\" data-id=\"3ffe787\" data-element_type=\"container\" data-e-type=\"container\">\n\t\t\t\t<div class=\"elementor-element elementor-element-2d0c473 elementor-widget elementor-widget-heading\" data-id=\"2d0c473\" data-element_type=\"widget\" data-e-type=\"widget\" data-widget_type=\"heading.default\">\n\t\t\t\t<div class=\"elementor-widget-container\">\n\t\t\t\t\t<h2 class=\"elementor-heading-title elementor-size-default\">Rock Breaker Systems<\/h2>\t\t\t\t<\/div>\n\t\t\t\t<\/div>\n\t\t\t\t<div class=\"elementor-element elementor-element-fd1d17d elementor-widget elementor-widget-text-editor\" data-id=\"fd1d17d\" data-element_type=\"widget\" data-e-type=\"widget\" data-widget_type=\"text-editor.default\">\n\t\t\t\t<div class=\"elementor-widget-container\">\n\t\t\t\t\t\t\t\t\t<p>Astec has a variety of rock breaker system models designed to fragment oversized material in large gyratory crushers, grizzlies, and in primary and secondary crushing applications.<\/p>\t\t\t\t\t\t\t\t<\/div>\n\t\t\t\t<\/div>\n\t\t\t\t<div class=\"elementor-element elementor-element-a998d6f elementor-widget elementor-widget-button\" data-id=\"a998d6f\" data-element_type=\"widget\" data-e-type=\"widget\" data-widget_type=\"button.default\">\n\t\t\t\t<div class=\"elementor-widget-container\">\n\t\t\t\t\t\t\t\t\t<div class=\"elementor-button-wrapper\">\n\t\t\t\t\t<a class=\"elementor-button elementor-button-link elementor-size-sm\" href=\"https:\/\/prossesa.com.mx\/en\/rock-breaker-systems\/\">\n\t\t\t\t\t\t<span class=\"elementor-button-content-wrapper\">\n\t\t\t\t\t\t\t\t\t<span class=\"elementor-button-text\">More information<\/span>\n\t\t\t\t\t<\/span>\n\t\t\t\t\t<\/a>\n\t\t\t\t<\/div>\n\t\t\t\t\t\t\t\t<\/div>\n\t\t\t\t<\/div>\n\t\t\t\t<\/div>\n\t\t<div class=\"elementor-element elementor-element-f6d86f4 e-con-full e-flex e-con e-child\" data-id=\"f6d86f4\" data-element_type=\"container\" data-e-type=\"container\">\n\t\t\t\t<div class=\"elementor-element elementor-element-e4cf3b7 elementor-widget elementor-widget-image\" data-id=\"e4cf3b7\" data-element_type=\"widget\" data-e-type=\"widget\" data-widget_type=\"image.default\">\n\t\t\t\t<div class=\"elementor-widget-container\">\n\t\t\t\t\t\t\t\t\t\t\t\t\t\t\t<img decoding=\"async\" width=\"1920\" height=\"700\" src=\"https:\/\/prossesa.com.mx\/files\/astec-rock-breaker-systems-header.webp\" class=\"attachment-full size-full wp-image-7847\" alt=\"astec rock breaker systems\" srcset=\"https:\/\/prossesa.com.mx\/files\/astec-rock-breaker-systems-header.webp 1920w, https:\/\/prossesa.com.mx\/files\/astec-rock-breaker-systems-header-300x109.webp 300w, https:\/\/prossesa.com.mx\/files\/astec-rock-breaker-systems-header-1024x373.webp 1024w, https:\/\/prossesa.com.mx\/files\/astec-rock-breaker-systems-header-768x280.webp 768w, https:\/\/prossesa.com.mx\/files\/astec-rock-breaker-systems-header-1536x560.webp 1536w\" sizes=\"(max-width: 1920px) 100vw, 1920px\" \/>\t\t\t\t\t\t\t\t\t\t\t\t\t\t\t<\/div>\n\t\t\t\t<\/div>\n\t\t\t\t<\/div>\n\t\t\t\t\t<\/div>\n\t\t\t\t<\/div>\n\t\t<div class=\"elementor-element elementor-element-eea61f8 elementor-hidden-desktop elementor-hidden-tablet e-flex e-con-boxed e-con e-parent\" data-id=\"eea61f8\" data-element_type=\"container\" data-e-type=\"container\">\n\t\t\t\t\t<div class=\"e-con-inner\">\n\t\t<div class=\"elementor-element elementor-element-6c31063 e-con-full e-flex e-con e-child\" data-id=\"6c31063\" data-element_type=\"container\" data-e-type=\"container\">\n\t\t\t\t<div class=\"elementor-element elementor-element-b54c126 elementor-widget elementor-widget-heading\" data-id=\"b54c126\" data-element_type=\"widget\" data-e-type=\"widget\" data-widget_type=\"heading.default\">\n\t\t\t\t<div class=\"elementor-widget-container\">\n\t\t\t\t\t<h2 class=\"elementor-heading-title elementor-size-default\">Rock Breaker Systems<\/h2>\t\t\t\t<\/div>\n\t\t\t\t<\/div>\n\t\t\t\t<div class=\"elementor-element elementor-element-0af119a elementor-widget elementor-widget-text-editor\" data-id=\"0af119a\" data-element_type=\"widget\" data-e-type=\"widget\" data-widget_type=\"text-editor.default\">\n\t\t\t\t<div class=\"elementor-widget-container\">\n\t\t\t\t\t\t\t\t\t<p>Astec has a variety of rock breaker system models designed to fragment oversized material in large gyratory crushers, grizzlies, and in primary and secondary crushing applications.<\/p>\t\t\t\t\t\t\t\t<\/div>\n\t\t\t\t<\/div>\n\t\t\t\t<div class=\"elementor-element elementor-element-4e38d9e elementor-widget elementor-widget-button\" data-id=\"4e38d9e\" data-element_type=\"widget\" data-e-type=\"widget\" data-widget_type=\"button.default\">\n\t\t\t\t<div class=\"elementor-widget-container\">\n\t\t\t\t\t\t\t\t\t<div class=\"elementor-button-wrapper\">\n\t\t\t\t\t<a class=\"elementor-button elementor-button-link elementor-size-sm\" href=\"https:\/\/prossesa.com.mx\/en\/rock-breaker-systems\/\">\n\t\t\t\t\t\t<span class=\"elementor-button-content-wrapper\">\n\t\t\t\t\t\t\t\t\t<span class=\"elementor-button-text\">More information<\/span>\n\t\t\t\t\t<\/span>\n\t\t\t\t\t<\/a>\n\t\t\t\t<\/div>\n\t\t\t\t\t\t\t\t<\/div>\n\t\t\t\t<\/div>\n\t\t\t\t<\/div>\n\t\t<div class=\"elementor-element elementor-element-e55c994 e-con-full e-flex e-con e-child\" data-id=\"e55c994\" data-element_type=\"container\" data-e-type=\"container\">\n\t\t\t\t<div class=\"elementor-element elementor-element-8699fa5 elementor-widget elementor-widget-image\" data-id=\"8699fa5\" data-element_type=\"widget\" data-e-type=\"widget\" data-widget_type=\"image.default\">\n\t\t\t\t<div class=\"elementor-widget-container\">\n\t\t\t\t\t\t\t\t\t\t\t\t\t\t\t<img decoding=\"async\" width=\"1920\" height=\"700\" src=\"https:\/\/prossesa.com.mx\/files\/astec-rock-breaker-systems-header.webp\" class=\"attachment-full size-full wp-image-7847\" alt=\"astec rock breaker systems\" srcset=\"https:\/\/prossesa.com.mx\/files\/astec-rock-breaker-systems-header.webp 1920w, https:\/\/prossesa.com.mx\/files\/astec-rock-breaker-systems-header-300x109.webp 300w, https:\/\/prossesa.com.mx\/files\/astec-rock-breaker-systems-header-1024x373.webp 1024w, https:\/\/prossesa.com.mx\/files\/astec-rock-breaker-systems-header-768x280.webp 768w, https:\/\/prossesa.com.mx\/files\/astec-rock-breaker-systems-header-1536x560.webp 1536w\" sizes=\"(max-width: 1920px) 100vw, 1920px\" \/>\t\t\t\t\t\t\t\t\t\t\t\t\t\t\t<\/div>\n\t\t\t\t<\/div>\n\t\t\t\t<\/div>\n\t\t\t\t\t<\/div>\n\t\t\t\t<\/div>\n\t\t<div class=\"elementor-element elementor-element-3b681c4 e-flex e-con-boxed e-con e-parent\" data-id=\"3b681c4\" data-element_type=\"container\" data-e-type=\"container\">\n\t\t\t\t\t<div class=\"e-con-inner\">\n\t\t<div class=\"elementor-element elementor-element-3db08e1 e-con-full e-flex e-con e-child\" data-id=\"3db08e1\" data-element_type=\"container\" data-e-type=\"container\">\n\t\t\t\t<div class=\"elementor-element elementor-element-1336622 elementor-widget elementor-widget-heading\" data-id=\"1336622\" data-element_type=\"widget\" data-e-type=\"widget\" data-widget_type=\"heading.default\">\n\t\t\t\t<div class=\"elementor-widget-container\">\n\t\t\t\t\t<h2 class=\"elementor-heading-title elementor-size-default\">Hydraulic Breakers<\/h2>\t\t\t\t<\/div>\n\t\t\t\t<\/div>\n\t\t\t\t<div class=\"elementor-element elementor-element-a9b1390 elementor-widget elementor-widget-text-editor\" data-id=\"a9b1390\" data-element_type=\"widget\" data-e-type=\"widget\" data-widget_type=\"text-editor.default\">\n\t\t\t\t<div class=\"elementor-widget-container\">\n\t\t\t\t\t\t\t\t\t<p>Astec hydraulic breakers are designed to deliver optimal performance in a wide variety of applications, from breaking concrete and soft rock to complete demolition projects.<\/p>\t\t\t\t\t\t\t\t<\/div>\n\t\t\t\t<\/div>\n\t\t\t\t<div class=\"elementor-element elementor-element-3495431 elementor-widget elementor-widget-button\" data-id=\"3495431\" data-element_type=\"widget\" data-e-type=\"widget\" data-widget_type=\"button.default\">\n\t\t\t\t<div class=\"elementor-widget-container\">\n\t\t\t\t\t\t\t\t\t<div class=\"elementor-button-wrapper\">\n\t\t\t\t\t<a class=\"elementor-button elementor-button-link elementor-size-sm\" href=\"https:\/\/prossesa.com.mx\/en\/hydraulic-breakers\/\">\n\t\t\t\t\t\t<span class=\"elementor-button-content-wrapper\">\n\t\t\t\t\t\t\t\t\t<span class=\"elementor-button-text\">More information<\/span>\n\t\t\t\t\t<\/span>\n\t\t\t\t\t<\/a>\n\t\t\t\t<\/div>\n\t\t\t\t\t\t\t\t<\/div>\n\t\t\t\t<\/div>\n\t\t\t\t<\/div>\n\t\t<div class=\"elementor-element elementor-element-d227389 e-con-full e-flex e-con e-child\" data-id=\"d227389\" data-element_type=\"container\" data-e-type=\"container\">\n\t\t\t\t<div class=\"elementor-element elementor-element-4ce55d5 elementor-widget elementor-widget-image\" data-id=\"4ce55d5\" data-element_type=\"widget\" data-e-type=\"widget\" data-widget_type=\"image.default\">\n\t\t\t\t<div class=\"elementor-widget-container\">\n\t\t\t\t\t\t\t\t\t\t\t\t\t\t\t<img decoding=\"async\" width=\"1536\" height=\"560\" src=\"https:\/\/prossesa.com.mx\/files\/hydraulic-breaker-header-01-1536x560-1.jpg\" class=\"attachment-full size-full wp-image-7735\" alt=\"hydraulic breaker\" srcset=\"https:\/\/prossesa.com.mx\/files\/hydraulic-breaker-header-01-1536x560-1.jpg 1536w, https:\/\/prossesa.com.mx\/files\/hydraulic-breaker-header-01-1536x560-1-300x109.jpg 300w, https:\/\/prossesa.com.mx\/files\/hydraulic-breaker-header-01-1536x560-1-1024x373.jpg 1024w, https:\/\/prossesa.com.mx\/files\/hydraulic-breaker-header-01-1536x560-1-768x280.jpg 768w\" sizes=\"(max-width: 1536px) 100vw, 1536px\" \/>\t\t\t\t\t\t\t\t\t\t\t\t\t\t\t<\/div>\n\t\t\t\t<\/div>\n\t\t\t\t<\/div>\n\t\t\t\t\t<\/div>\n\t\t\t\t<\/div>\n\t\t\t\t<\/div>","protected":false},"excerpt":{"rendered":"<p>ASTEC BTI Proporcionamos el equipo, la experiencia y la innovaci\u00f3n que necesitas para mantenerte a la vanguardia y tener \u00e9xito en un mundo competitivo. Mobile Scalers Los escari\ufb01cadores m\u00f3viles Astec ofrecen confiabilidad y mayor seguridad. M\u00e1s informaci\u00f3n Rock Breaker Systems Astec cuenta con una variedad de modelos de sistemas de rompimiento de roca dise\u00f1ados para [&hellip;]<\/p>\n","protected":false},"author":4,"featured_media":0,"parent":0,"menu_order":0,"comment_status":"closed","ping_status":"closed","template":"elementor_header_footer","meta":{"nf_dc_page":"","footnotes":""},"class_list":["post-7922","page","type-page","status-publish","hentry"],"_links":{"self":[{"href":"https:\/\/prossesa.com.mx\/en\/wp-json\/wp\/v2\/pages\/7922","targetHints":{"allow":["GET"]}}],"collection":[{"href":"https:\/\/prossesa.com.mx\/en\/wp-json\/wp\/v2\/pages"}],"about":[{"href":"https:\/\/prossesa.com.mx\/en\/wp-json\/wp\/v2\/types\/page"}],"author":[{"embeddable":true,"href":"https:\/\/prossesa.com.mx\/en\/wp-json\/wp\/v2\/users\/4"}],"replies":[{"embeddable":true,"href":"https:\/\/prossesa.com.mx\/en\/wp-json\/wp\/v2\/comments?post=7922"}],"version-history":[{"count":28,"href":"https:\/\/prossesa.com.mx\/en\/wp-json\/wp\/v2\/pages\/7922\/revisions"}],"predecessor-version":[{"id":7964,"href":"https:\/\/prossesa.com.mx\/en\/wp-json\/wp\/v2\/pages\/7922\/revisions\/7964"}],"wp:attachment":[{"href":"https:\/\/prossesa.com.mx\/en\/wp-json\/wp\/v2\/media?parent=7922"}],"curies":[{"name":"wp","href":"https:\/\/api.w.org\/{rel}","templated":true}]}}