{"id":7887,"date":"2026-01-13T18:47:33","date_gmt":"2026-01-13T18:47:33","guid":{"rendered":"https:\/\/prossesa.com.mx\/?page_id=7887"},"modified":"2026-01-15T17:56:15","modified_gmt":"2026-01-15T17:56:15","slug":"mobile-scalers","status":"publish","type":"page","link":"https:\/\/prossesa.com.mx\/en\/mobile-scalers\/","title":{"rendered":"Mobile Scalers"},"content":{"rendered":"<div data-elementor-type=\"wp-page\" data-elementor-id=\"7887\" class=\"elementor elementor-7887\" data-elementor-post-type=\"page\">\n\t\t\t\t<div class=\"elementor-element elementor-element-fc4f02f e-flex e-con-boxed e-con e-parent\" data-id=\"fc4f02f\" data-element_type=\"container\" data-e-type=\"container\">\n\t\t\t\t\t<div class=\"e-con-inner\">\n\t\t\t\t<div class=\"elementor-element elementor-element-693e2d9 elementor-widget elementor-widget-spacer\" data-id=\"693e2d9\" data-element_type=\"widget\" data-e-type=\"widget\" data-widget_type=\"spacer.default\">\n\t\t\t\t<div class=\"elementor-widget-container\">\n\t\t\t\t\t\t\t<div class=\"elementor-spacer\">\n\t\t\t<div class=\"elementor-spacer-inner\"><\/div>\n\t\t<\/div>\n\t\t\t\t\t\t<\/div>\n\t\t\t\t<\/div>\n\t\t\t\t\t<\/div>\n\t\t\t\t<\/div>\n\t\t<div class=\"elementor-element elementor-element-c138fd0 e-flex e-con-boxed e-con e-parent\" data-id=\"c138fd0\" data-element_type=\"container\" data-e-type=\"container\">\n\t\t\t\t\t<div class=\"e-con-inner\">\n\t\t<div class=\"elementor-element elementor-element-1cfb403 e-con-full e-flex e-con e-child\" data-id=\"1cfb403\" data-element_type=\"container\" data-e-type=\"container\">\n\t\t\t\t<div class=\"elementor-element elementor-element-fc652ad elementor-widget elementor-widget-image\" data-id=\"fc652ad\" data-element_type=\"widget\" data-e-type=\"widget\" data-widget_type=\"image.default\">\n\t\t\t\t<div class=\"elementor-widget-container\">\n\t\t\t\t\t\t\t\t\t\t\t\t\t\t\t<img fetchpriority=\"high\" decoding=\"async\" width=\"1920\" height=\"700\" src=\"https:\/\/prossesa.com.mx\/files\/mobile-scaler-header-01.jpg\" class=\"attachment-full size-full wp-image-7889\" alt=\"\" srcset=\"https:\/\/prossesa.com.mx\/files\/mobile-scaler-header-01.jpg 1920w, https:\/\/prossesa.com.mx\/files\/mobile-scaler-header-01-300x109.jpg 300w, https:\/\/prossesa.com.mx\/files\/mobile-scaler-header-01-1024x373.jpg 1024w, https:\/\/prossesa.com.mx\/files\/mobile-scaler-header-01-768x280.jpg 768w, https:\/\/prossesa.com.mx\/files\/mobile-scaler-header-01-1536x560.jpg 1536w\" sizes=\"(max-width: 1920px) 100vw, 1920px\" \/>\t\t\t\t\t\t\t\t\t\t\t\t\t\t\t<\/div>\n\t\t\t\t<\/div>\n\t\t\t\t<\/div>\n\t\t<div class=\"elementor-element elementor-element-651eeb7 e-con-full e-flex e-con e-child\" data-id=\"651eeb7\" data-element_type=\"container\" data-e-type=\"container\">\n\t\t\t\t<div class=\"elementor-element elementor-element-fac75ab elementor-widget elementor-widget-heading\" data-id=\"fac75ab\" data-element_type=\"widget\" data-e-type=\"widget\" data-widget_type=\"heading.default\">\n\t\t\t\t<div class=\"elementor-widget-container\">\n\t\t\t\t\t<h2 class=\"elementor-heading-title elementor-size-default\">Mobile Scalers<\/h2>\t\t\t\t<\/div>\n\t\t\t\t<\/div>\n\t\t\t\t<div class=\"elementor-element elementor-element-e32ad2e elementor-widget elementor-widget-text-editor\" data-id=\"e32ad2e\" data-element_type=\"widget\" data-e-type=\"widget\" data-widget_type=\"text-editor.default\">\n\t\t\t\t<div class=\"elementor-widget-container\">\n\t\t\t\t\t\t\t\t\t<p>Astec mobile reamers offer reliability and increased safety. Our mobile equipment is designed to provide a safe and efficient method of mechanical reaming, as well as the flexibility needed to tackle practically any reaming situation.<\/p>\t\t\t\t\t\t\t\t<\/div>\n\t\t\t\t<\/div>\n\t\t\t\t<div class=\"elementor-element elementor-element-7b2e801 elementor-widget elementor-widget-button\" data-id=\"7b2e801\" data-element_type=\"widget\" data-e-type=\"widget\" data-widget_type=\"button.default\">\n\t\t\t\t<div class=\"elementor-widget-container\">\n\t\t\t\t\t\t\t\t\t<div class=\"elementor-button-wrapper\">\n\t\t\t\t\t<a class=\"elementor-button elementor-button-link elementor-size-sm\" href=\"https:\/\/prossesa.com.mx\/files\/scaleboss-mobile-scalers-brochure.pdf\" target=\"_blank\">\n\t\t\t\t\t\t<span class=\"elementor-button-content-wrapper\">\n\t\t\t\t\t\t\t\t\t<span class=\"elementor-button-text\">Technical sheet<\/span>\n\t\t\t\t\t<\/span>\n\t\t\t\t\t<\/a>\n\t\t\t\t<\/div>\n\t\t\t\t\t\t\t\t<\/div>\n\t\t\t\t<\/div>\n\t\t\t\t<\/div>\n\t\t\t\t\t<\/div>\n\t\t\t\t<\/div>\n\t\t<div class=\"elementor-element elementor-element-fd41cb7 e-flex e-con-boxed e-con e-parent\" data-id=\"fd41cb7\" data-element_type=\"container\" data-e-type=\"container\">\n\t\t\t\t\t<div class=\"e-con-inner\">\n\t\t\t\t<div class=\"elementor-element elementor-element-6c2e0a4 elementor-widget elementor-widget-spacer\" data-id=\"6c2e0a4\" data-element_type=\"widget\" data-e-type=\"widget\" data-widget_type=\"spacer.default\">\n\t\t\t\t<div class=\"elementor-widget-container\">\n\t\t\t\t\t\t\t<div class=\"elementor-spacer\">\n\t\t\t<div class=\"elementor-spacer-inner\"><\/div>\n\t\t<\/div>\n\t\t\t\t\t\t<\/div>\n\t\t\t\t<\/div>\n\t\t\t\t\t<\/div>\n\t\t\t\t<\/div>\n\t\t<div class=\"elementor-element elementor-element-93017b7 e-flex e-con-boxed e-con e-parent\" data-id=\"93017b7\" data-element_type=\"container\" data-e-type=\"container\" data-settings=\"{&quot;background_background&quot;:&quot;classic&quot;}\">\n\t\t\t\t\t<div class=\"e-con-inner\">\n\t\t\t\t<div class=\"elementor-element elementor-element-43947d1 elementor-widget elementor-widget-heading\" data-id=\"43947d1\" data-element_type=\"widget\" data-e-type=\"widget\" data-widget_type=\"heading.default\">\n\t\t\t\t<div class=\"elementor-widget-container\">\n\t\t\t\t\t<h2 class=\"elementor-heading-title elementor-size-default\">Overview<\/h2>\t\t\t\t<\/div>\n\t\t\t\t<\/div>\n\t\t\t\t<div class=\"elementor-element elementor-element-f70bb0f elementor-widget-tablet__width-initial elementor-widget elementor-widget-text-editor\" data-id=\"f70bb0f\" data-element_type=\"widget\" data-e-type=\"widget\" data-widget_type=\"text-editor.default\">\n\t\t\t\t<div class=\"elementor-widget-container\">\n\t\t\t\t\t\t\t\t\t<p data-start=\"73\" data-end=\"326\">Astec mobile reamers offer reliability and increased safety.<br data-start=\"122\" data-end=\"125\" \/>Our portable reamers are designed to provide a safe and efficient method of mechanical reaming, as well as the flexibility needed to handle virtually any reaming situation.<\/p>\t\t\t\t\t\t\t\t<\/div>\n\t\t\t\t<\/div>\n\t\t\t\t\t<\/div>\n\t\t\t\t<\/div>\n\t\t<div class=\"elementor-element elementor-element-33bd89e e-grid e-con-full e-con e-parent\" data-id=\"33bd89e\" data-element_type=\"container\" data-e-type=\"container\">\n\t\t<div class=\"elementor-element elementor-element-f2c8d9f e-con-full e-flex e-con e-child\" data-id=\"f2c8d9f\" data-element_type=\"container\" data-e-type=\"container\" data-settings=\"{&quot;background_background&quot;:&quot;classic&quot;}\">\n\t\t<div class=\"elementor-element elementor-element-fd861fe e-con-full e-flex e-con e-child\" data-id=\"fd861fe\" data-element_type=\"container\" data-e-type=\"container\">\n\t\t\t\t<div class=\"elementor-element elementor-element-dc6ea37 elementor-widget elementor-widget-image\" data-id=\"dc6ea37\" data-element_type=\"widget\" data-e-type=\"widget\" data-widget_type=\"image.default\">\n\t\t\t\t<div class=\"elementor-widget-container\">\n\t\t\t\t\t\t\t\t\t\t\t\t\t\t\t<img decoding=\"async\" width=\"800\" height=\"450\" src=\"https:\/\/prossesa.com.mx\/files\/breakerboss-mobile-rock-breaker-feature-01-scaled-1-1024x576.png\" class=\"attachment-large size-large wp-image-7900\" alt=\"\" srcset=\"https:\/\/prossesa.com.mx\/files\/breakerboss-mobile-rock-breaker-feature-01-scaled-1-1024x576.png 1024w, https:\/\/prossesa.com.mx\/files\/breakerboss-mobile-rock-breaker-feature-01-scaled-1-300x169.png 300w, https:\/\/prossesa.com.mx\/files\/breakerboss-mobile-rock-breaker-feature-01-scaled-1-768x432.png 768w, https:\/\/prossesa.com.mx\/files\/breakerboss-mobile-rock-breaker-feature-01-scaled-1-1536x864.png 1536w, https:\/\/prossesa.com.mx\/files\/breakerboss-mobile-rock-breaker-feature-01-scaled-1-2048x1152.png 2048w\" sizes=\"(max-width: 800px) 100vw, 800px\" \/>\t\t\t\t\t\t\t\t\t\t\t\t\t\t\t<\/div>\n\t\t\t\t<\/div>\n\t\t\t\t<\/div>\n\t\t<div class=\"elementor-element elementor-element-7937aed e-con-full e-flex e-con e-child\" data-id=\"7937aed\" data-element_type=\"container\" data-e-type=\"container\">\n\t\t\t\t<div class=\"elementor-element elementor-element-b509909 elementor-widget elementor-widget-heading\" data-id=\"b509909\" data-element_type=\"widget\" data-e-type=\"widget\" data-widget_type=\"heading.default\">\n\t\t\t\t<div class=\"elementor-widget-container\">\n\t\t\t\t\t<h2 class=\"elementor-heading-title elementor-size-default\">Visibility during scrolling and breaking<\/h2>\t\t\t\t<\/div>\n\t\t\t\t<\/div>\n\t\t\t\t<div class=\"elementor-element elementor-element-a27e9e2 elementor-widget elementor-widget-text-editor\" data-id=\"a27e9e2\" data-element_type=\"widget\" data-e-type=\"widget\" data-widget_type=\"text-editor.default\">\n\t\t\t\t<div class=\"elementor-widget-container\">\n\t\t\t\t\t\t\t\t\t<ul><li data-start=\"128\" data-end=\"175\">Conveniently located operator's cab.<\/li><li data-start=\"178\" data-end=\"266\">The central position of the cabin offers greater visibility in underground operations.<\/li><li data-start=\"269\" data-end=\"387\">The low-profile, side-mounted hammer allows for reduced heights in both travel and operation.<\/li><\/ul>\t\t\t\t\t\t\t\t<\/div>\n\t\t\t\t<\/div>\n\t\t\t\t<\/div>\n\t\t\t\t<\/div>\n\t\t<div class=\"elementor-element elementor-element-59b8084 e-con-full e-flex e-con e-child\" data-id=\"59b8084\" data-element_type=\"container\" data-e-type=\"container\" data-settings=\"{&quot;background_background&quot;:&quot;classic&quot;}\">\n\t\t<div class=\"elementor-element elementor-element-0939057 e-con-full e-flex e-con e-child\" data-id=\"0939057\" data-element_type=\"container\" data-e-type=\"container\">\n\t\t\t\t<div class=\"elementor-element elementor-element-80241ba elementor-widget elementor-widget-image\" data-id=\"80241ba\" data-element_type=\"widget\" data-e-type=\"widget\" data-widget_type=\"image.default\">\n\t\t\t\t<div class=\"elementor-widget-container\">\n\t\t\t\t\t\t\t\t\t\t\t\t\t\t\t<img decoding=\"async\" width=\"800\" height=\"534\" src=\"https:\/\/prossesa.com.mx\/files\/mobile-scaler-feature-05-scaled-1-1024x683.png\" class=\"attachment-large size-large wp-image-7904\" alt=\"\" srcset=\"https:\/\/prossesa.com.mx\/files\/mobile-scaler-feature-05-scaled-1-1024x683.png 1024w, https:\/\/prossesa.com.mx\/files\/mobile-scaler-feature-05-scaled-1-300x200.png 300w, https:\/\/prossesa.com.mx\/files\/mobile-scaler-feature-05-scaled-1-768x512.png 768w, https:\/\/prossesa.com.mx\/files\/mobile-scaler-feature-05-scaled-1-1536x1024.png 1536w, https:\/\/prossesa.com.mx\/files\/mobile-scaler-feature-05-scaled-1-2048x1366.png 2048w\" sizes=\"(max-width: 800px) 100vw, 800px\" \/>\t\t\t\t\t\t\t\t\t\t\t\t\t\t\t<\/div>\n\t\t\t\t<\/div>\n\t\t\t\t<\/div>\n\t\t<div class=\"elementor-element elementor-element-2e696b4 e-con-full e-flex e-con e-child\" data-id=\"2e696b4\" data-element_type=\"container\" data-e-type=\"container\">\n\t\t\t\t<div class=\"elementor-element elementor-element-5e1975e elementor-widget elementor-widget-heading\" data-id=\"5e1975e\" data-element_type=\"widget\" data-e-type=\"widget\" data-widget_type=\"heading.default\">\n\t\t\t\t<div class=\"elementor-widget-container\">\n\t\t\t\t\t<h2 class=\"elementor-heading-title elementor-size-default\">Mobile scarifier maintenance<\/h2>\t\t\t\t<\/div>\n\t\t\t\t<\/div>\n\t\t\t\t<div class=\"elementor-element elementor-element-d96e8b5 elementor-widget elementor-widget-text-editor\" data-id=\"d96e8b5\" data-element_type=\"widget\" data-e-type=\"widget\" data-widget_type=\"text-editor.default\">\n\t\t\t\t<div class=\"elementor-widget-container\">\n\t\t\t\t\t\t\t\t\t<ul><li data-start=\"91\" data-end=\"193\"><p data-start=\"93\" data-end=\"193\">Simplified hydraulic systems in selected models allow for reduced maintenance.<\/p><\/li><li data-start=\"194\" data-end=\"265\"><p data-start=\"196\" data-end=\"265\">Maintenance problems are easy to identify and correct.<\/p><\/li><\/ul>\t\t\t\t\t\t\t\t<\/div>\n\t\t\t\t<\/div>\n\t\t\t\t<\/div>\n\t\t\t\t<\/div>\n\t\t<div class=\"elementor-element elementor-element-7459ecf e-con-full e-flex e-con e-child\" data-id=\"7459ecf\" data-element_type=\"container\" data-e-type=\"container\" data-settings=\"{&quot;background_background&quot;:&quot;classic&quot;}\">\n\t\t<div class=\"elementor-element elementor-element-09fd5d2 e-con-full e-flex e-con e-child\" data-id=\"09fd5d2\" data-element_type=\"container\" data-e-type=\"container\">\n\t\t\t\t<div class=\"elementor-element elementor-element-f798591 elementor-widget elementor-widget-image\" data-id=\"f798591\" data-element_type=\"widget\" data-e-type=\"widget\" data-widget_type=\"image.default\">\n\t\t\t\t<div class=\"elementor-widget-container\">\n\t\t\t\t\t\t\t\t\t\t\t\t\t\t\t<img decoding=\"async\" width=\"800\" height=\"534\" src=\"https:\/\/prossesa.com.mx\/files\/mobile-scaler-feature-05-scaled-1-1024x683.png\" class=\"attachment-large size-large wp-image-7904\" alt=\"\" srcset=\"https:\/\/prossesa.com.mx\/files\/mobile-scaler-feature-05-scaled-1-1024x683.png 1024w, https:\/\/prossesa.com.mx\/files\/mobile-scaler-feature-05-scaled-1-300x200.png 300w, https:\/\/prossesa.com.mx\/files\/mobile-scaler-feature-05-scaled-1-768x512.png 768w, https:\/\/prossesa.com.mx\/files\/mobile-scaler-feature-05-scaled-1-1536x1024.png 1536w, https:\/\/prossesa.com.mx\/files\/mobile-scaler-feature-05-scaled-1-2048x1366.png 2048w\" sizes=\"(max-width: 800px) 100vw, 800px\" \/>\t\t\t\t\t\t\t\t\t\t\t\t\t\t\t<\/div>\n\t\t\t\t<\/div>\n\t\t\t\t<\/div>\n\t\t<div class=\"elementor-element elementor-element-c8493e6 e-con-full e-flex e-con e-child\" data-id=\"c8493e6\" data-element_type=\"container\" data-e-type=\"container\">\n\t\t\t\t<div class=\"elementor-element elementor-element-799d248 elementor-widget elementor-widget-heading\" data-id=\"799d248\" data-element_type=\"widget\" data-e-type=\"widget\" data-widget_type=\"heading.default\">\n\t\t\t\t<div class=\"elementor-widget-container\">\n\t\t\t\t\t<h2 class=\"elementor-heading-title elementor-size-default\">Operator comfort of the mobile scarifier<\/h2>\t\t\t\t<\/div>\n\t\t\t\t<\/div>\n\t\t\t\t<div class=\"elementor-element elementor-element-ddf87ad elementor-widget elementor-widget-text-editor\" data-id=\"ddf87ad\" data-element_type=\"widget\" data-e-type=\"widget\" data-widget_type=\"text-editor.default\">\n\t\t\t\t<div class=\"elementor-widget-container\">\n\t\t\t\t\t\t\t\t\t<ul><li data-start=\"102\" data-end=\"210\">Exceptional visibility and safety for the operator when traveling in underground environments.<\/li><li data-start=\"213\" data-end=\"302\">Selected models include HVAC system, joystick controls, and ergonomic seat.<\/li><\/ul>\t\t\t\t\t\t\t\t<\/div>\n\t\t\t\t<\/div>\n\t\t\t\t<\/div>\n\t\t\t\t<\/div>\n\t\t\t\t<\/div>\n\t\t<div class=\"elementor-element elementor-element-8738338 e-flex e-con-boxed e-con e-parent\" data-id=\"8738338\" data-element_type=\"container\" data-e-type=\"container\">\n\t\t\t\t\t<div class=\"e-con-inner\">\n\t\t\t\t<div class=\"elementor-element elementor-element-62dbc3d elementor-widget elementor-widget-heading\" data-id=\"62dbc3d\" data-element_type=\"widget\" data-e-type=\"widget\" data-widget_type=\"heading.default\">\n\t\t\t\t<div class=\"elementor-widget-container\">\n\t\t\t\t\t<h2 class=\"elementor-heading-title elementor-size-default\">Downloads<\/h2>\t\t\t\t<\/div>\n\t\t\t\t<\/div>\n\t\t\t\t\t<\/div>\n\t\t\t\t<\/div>\n\t\t<div class=\"elementor-element elementor-element-18a0763 e-grid e-con-boxed e-con e-parent\" data-id=\"18a0763\" data-element_type=\"container\" data-e-type=\"container\">\n\t\t\t\t\t<div class=\"e-con-inner\">\n\t\t\t\t<div class=\"elementor-element elementor-element-4f7de28 elementor-widget elementor-widget-button\" data-id=\"4f7de28\" data-element_type=\"widget\" data-e-type=\"widget\" data-widget_type=\"button.default\">\n\t\t\t\t<div class=\"elementor-widget-container\">\n\t\t\t\t\t\t\t\t\t<div class=\"elementor-button-wrapper\">\n\t\t\t\t\t<a class=\"elementor-button elementor-button-link elementor-size-sm\" href=\"https:\/\/prossesa.com.mx\/files\/scaleboss-mobile-scalers-brochure.pdf\" target=\"_blank\">\n\t\t\t\t\t\t<span class=\"elementor-button-content-wrapper\">\n\t\t\t\t\t\t\t\t\t<span class=\"elementor-button-text\">ScaleBOSS Mobile Scalers Brochure<\/span>\n\t\t\t\t\t<\/span>\n\t\t\t\t\t<\/a>\n\t\t\t\t<\/div>\n\t\t\t\t\t\t\t\t<\/div>\n\t\t\t\t<\/div>\n\t\t\t\t<div class=\"elementor-element elementor-element-3794e9a elementor-widget elementor-widget-button\" data-id=\"3794e9a\" data-element_type=\"widget\" data-e-type=\"widget\" data-widget_type=\"button.default\">\n\t\t\t\t<div class=\"elementor-widget-container\">\n\t\t\t\t\t\t\t\t\t<div class=\"elementor-button-wrapper\">\n\t\t\t\t\t<a class=\"elementor-button elementor-button-link elementor-size-sm\" href=\"https:\/\/prossesa.com.mx\/files\/scaleboss-3d-3de-mobile-scaler-spec-sheet-english.pdf\" target=\"_blank\">\n\t\t\t\t\t\t<span class=\"elementor-button-content-wrapper\">\n\t\t\t\t\t\t\t\t\t<span class=\"elementor-button-text\">ScaleBOSS 3D\/3DE Mobile Scalers Spec Sheet English<\/span>\n\t\t\t\t\t<\/span>\n\t\t\t\t\t<\/a>\n\t\t\t\t<\/div>\n\t\t\t\t\t\t\t\t<\/div>\n\t\t\t\t<\/div>\n\t\t\t\t\t<\/div>\n\t\t\t\t<\/div>\n\t\t\t\t<\/div>","protected":false},"excerpt":{"rendered":"<p>Mobile Scalers Los escari\ufb01cadores m\u00f3viles Astec ofrecen confiabilidad y mayor seguridad. Nuestros equipos m\u00f3viles est\u00e1n dise\u00f1ados para proporcionar un m\u00e9todo seguro y eficiente de desquinchado mec\u00e1nico, as\u00ed como la flexibilidad necesaria para afrontar pr\u00e1cticamente cualquier situaci\u00f3n de escariado. Ficha t\u00e9cnica Descripci\u00f3n general Los escari\ufb01cadores m\u00f3viles Astec ofrecen confiabilidad y mayor seguridad.Nuestros escari\ufb01cadores m\u00f3viles est\u00e1n dise\u00f1ados [&hellip;]<\/p>\n","protected":false},"author":4,"featured_media":0,"parent":0,"menu_order":0,"comment_status":"closed","ping_status":"closed","template":"elementor_header_footer","meta":{"nf_dc_page":"","footnotes":""},"class_list":["post-7887","page","type-page","status-publish","hentry"],"_links":{"self":[{"href":"https:\/\/prossesa.com.mx\/en\/wp-json\/wp\/v2\/pages\/7887","targetHints":{"allow":["GET"]}}],"collection":[{"href":"https:\/\/prossesa.com.mx\/en\/wp-json\/wp\/v2\/pages"}],"about":[{"href":"https:\/\/prossesa.com.mx\/en\/wp-json\/wp\/v2\/types\/page"}],"author":[{"embeddable":true,"href":"https:\/\/prossesa.com.mx\/en\/wp-json\/wp\/v2\/users\/4"}],"replies":[{"embeddable":true,"href":"https:\/\/prossesa.com.mx\/en\/wp-json\/wp\/v2\/comments?post=7887"}],"version-history":[{"count":22,"href":"https:\/\/prossesa.com.mx\/en\/wp-json\/wp\/v2\/pages\/7887\/revisions"}],"predecessor-version":[{"id":7921,"href":"https:\/\/prossesa.com.mx\/en\/wp-json\/wp\/v2\/pages\/7887\/revisions\/7921"}],"wp:attachment":[{"href":"https:\/\/prossesa.com.mx\/en\/wp-json\/wp\/v2\/media?parent=7887"}],"curies":[{"name":"wp","href":"https:\/\/api.w.org\/{rel}","templated":true}]}}