{"id":7846,"date":"2026-01-13T18:18:05","date_gmt":"2026-01-13T18:18:05","guid":{"rendered":"https:\/\/prossesa.com.mx\/?page_id=7846"},"modified":"2026-01-15T18:17:50","modified_gmt":"2026-01-15T18:17:50","slug":"rock-breaker-systems","status":"publish","type":"page","link":"https:\/\/prossesa.com.mx\/en\/rock-breaker-systems\/","title":{"rendered":"Rock Breaker Systems"},"content":{"rendered":"<div data-elementor-type=\"wp-page\" data-elementor-id=\"7846\" class=\"elementor elementor-7846\" data-elementor-post-type=\"page\">\n\t\t\t\t<div class=\"elementor-element elementor-element-fc4f02f e-flex e-con-boxed e-con e-parent\" data-id=\"fc4f02f\" data-element_type=\"container\" data-e-type=\"container\">\n\t\t\t\t\t<div class=\"e-con-inner\">\n\t\t\t\t<div class=\"elementor-element elementor-element-693e2d9 elementor-widget elementor-widget-spacer\" data-id=\"693e2d9\" data-element_type=\"widget\" data-e-type=\"widget\" data-widget_type=\"spacer.default\">\n\t\t\t\t<div class=\"elementor-widget-container\">\n\t\t\t\t\t\t\t<div class=\"elementor-spacer\">\n\t\t\t<div class=\"elementor-spacer-inner\"><\/div>\n\t\t<\/div>\n\t\t\t\t\t\t<\/div>\n\t\t\t\t<\/div>\n\t\t\t\t\t<\/div>\n\t\t\t\t<\/div>\n\t\t<div class=\"elementor-element elementor-element-c138fd0 e-flex e-con-boxed e-con e-parent\" data-id=\"c138fd0\" data-element_type=\"container\" data-e-type=\"container\">\n\t\t\t\t\t<div class=\"e-con-inner\">\n\t\t<div class=\"elementor-element elementor-element-1cfb403 e-con-full e-flex e-con e-child\" data-id=\"1cfb403\" data-element_type=\"container\" data-e-type=\"container\">\n\t\t\t\t<div class=\"elementor-element elementor-element-fc652ad elementor-widget elementor-widget-image\" data-id=\"fc652ad\" data-element_type=\"widget\" data-e-type=\"widget\" data-widget_type=\"image.default\">\n\t\t\t\t<div class=\"elementor-widget-container\">\n\t\t\t\t\t\t\t\t\t\t\t\t\t\t\t<img fetchpriority=\"high\" decoding=\"async\" width=\"1920\" height=\"700\" src=\"https:\/\/prossesa.com.mx\/files\/astec-rock-breaker-systems-header.webp\" class=\"attachment-full size-full wp-image-7847\" alt=\"astec rock breaker systems\" srcset=\"https:\/\/prossesa.com.mx\/files\/astec-rock-breaker-systems-header.webp 1920w, https:\/\/prossesa.com.mx\/files\/astec-rock-breaker-systems-header-300x109.webp 300w, https:\/\/prossesa.com.mx\/files\/astec-rock-breaker-systems-header-1024x373.webp 1024w, https:\/\/prossesa.com.mx\/files\/astec-rock-breaker-systems-header-768x280.webp 768w, https:\/\/prossesa.com.mx\/files\/astec-rock-breaker-systems-header-1536x560.webp 1536w\" sizes=\"(max-width: 1920px) 100vw, 1920px\" \/>\t\t\t\t\t\t\t\t\t\t\t\t\t\t\t<\/div>\n\t\t\t\t<\/div>\n\t\t\t\t<\/div>\n\t\t<div class=\"elementor-element elementor-element-651eeb7 e-con-full e-flex e-con e-child\" data-id=\"651eeb7\" data-element_type=\"container\" data-e-type=\"container\">\n\t\t\t\t<div class=\"elementor-element elementor-element-fac75ab elementor-widget elementor-widget-heading\" data-id=\"fac75ab\" data-element_type=\"widget\" data-e-type=\"widget\" data-widget_type=\"heading.default\">\n\t\t\t\t<div class=\"elementor-widget-container\">\n\t\t\t\t\t<h2 class=\"elementor-heading-title elementor-size-default\">Rock Breaker Systems<\/h2>\t\t\t\t<\/div>\n\t\t\t\t<\/div>\n\t\t\t\t<div class=\"elementor-element elementor-element-e32ad2e elementor-widget elementor-widget-text-editor\" data-id=\"e32ad2e\" data-element_type=\"widget\" data-e-type=\"widget\" data-widget_type=\"text-editor.default\">\n\t\t\t\t<div class=\"elementor-widget-container\">\n\t\t\t\t\t\t\t\t\t<p>Astec has a variety of rock breaker system models designed to fragment oversized material in large gyratory crushers, grizzlies, and in primary and secondary crushing applications.<\/p>\t\t\t\t\t\t\t\t<\/div>\n\t\t\t\t<\/div>\n\t\t\t\t<div class=\"elementor-element elementor-element-7b2e801 elementor-widget elementor-widget-button\" data-id=\"7b2e801\" data-element_type=\"widget\" data-e-type=\"widget\" data-widget_type=\"button.default\">\n\t\t\t\t<div class=\"elementor-widget-container\">\n\t\t\t\t\t\t\t\t\t<div class=\"elementor-button-wrapper\">\n\t\t\t\t\t<a class=\"elementor-button elementor-button-link elementor-size-sm\" href=\"https:\/\/prossesa.com.mx\/files\/rock-breakers-and-systems-brochure-english.pdf\" target=\"_blank\">\n\t\t\t\t\t\t<span class=\"elementor-button-content-wrapper\">\n\t\t\t\t\t\t\t\t\t<span class=\"elementor-button-text\">Technical sheet<\/span>\n\t\t\t\t\t<\/span>\n\t\t\t\t\t<\/a>\n\t\t\t\t<\/div>\n\t\t\t\t\t\t\t\t<\/div>\n\t\t\t\t<\/div>\n\t\t\t\t<\/div>\n\t\t\t\t\t<\/div>\n\t\t\t\t<\/div>\n\t\t<div class=\"elementor-element elementor-element-fd41cb7 e-flex e-con-boxed e-con e-parent\" data-id=\"fd41cb7\" data-element_type=\"container\" data-e-type=\"container\">\n\t\t\t\t\t<div class=\"e-con-inner\">\n\t\t\t\t<div class=\"elementor-element elementor-element-6c2e0a4 elementor-widget elementor-widget-spacer\" data-id=\"6c2e0a4\" data-element_type=\"widget\" data-e-type=\"widget\" data-widget_type=\"spacer.default\">\n\t\t\t\t<div class=\"elementor-widget-container\">\n\t\t\t\t\t\t\t<div class=\"elementor-spacer\">\n\t\t\t<div class=\"elementor-spacer-inner\"><\/div>\n\t\t<\/div>\n\t\t\t\t\t\t<\/div>\n\t\t\t\t<\/div>\n\t\t\t\t\t<\/div>\n\t\t\t\t<\/div>\n\t\t<div class=\"elementor-element elementor-element-93017b7 e-flex e-con-boxed e-con e-parent\" data-id=\"93017b7\" data-element_type=\"container\" data-e-type=\"container\" data-settings=\"{&quot;background_background&quot;:&quot;classic&quot;}\">\n\t\t\t\t\t<div class=\"e-con-inner\">\n\t\t\t\t<div class=\"elementor-element elementor-element-43947d1 elementor-widget elementor-widget-heading\" data-id=\"43947d1\" data-element_type=\"widget\" data-e-type=\"widget\" data-widget_type=\"heading.default\">\n\t\t\t\t<div class=\"elementor-widget-container\">\n\t\t\t\t\t<h2 class=\"elementor-heading-title elementor-size-default\">Overview<\/h2>\t\t\t\t<\/div>\n\t\t\t\t<\/div>\n\t\t\t\t<div class=\"elementor-element elementor-element-f70bb0f elementor-widget-tablet__width-initial elementor-widget elementor-widget-text-editor\" data-id=\"f70bb0f\" data-element_type=\"widget\" data-e-type=\"widget\" data-widget_type=\"text-editor.default\">\n\t\t\t\t<div class=\"elementor-widget-container\">\n\t\t\t\t\t\t\t\t\t<p data-start=\"73\" data-end=\"326\">Astec offers a wide variety of rock breaker system models designed to fragment oversized material in large gyratory crushers, grizzlies, and in primary and secondary crushing applications.<\/p><p data-start=\"328\" data-end=\"675\">Designed for integration into mobile, portable, or stationary crushing plants, as well as grizzly ore passage sites, our breaking systems include boom-mounted configurations, automatic greasing systems, engine start panels, joystick control, and plant integration.<\/p>\t\t\t\t\t\t\t\t<\/div>\n\t\t\t\t<\/div>\n\t\t\t\t\t<\/div>\n\t\t\t\t<\/div>\n\t\t<div class=\"elementor-element elementor-element-33bd89e e-grid e-con-full e-con e-parent\" data-id=\"33bd89e\" data-element_type=\"container\" data-e-type=\"container\">\n\t\t<div class=\"elementor-element elementor-element-f2c8d9f e-con-full e-flex e-con e-child\" data-id=\"f2c8d9f\" data-element_type=\"container\" data-e-type=\"container\" data-settings=\"{&quot;background_background&quot;:&quot;classic&quot;}\">\n\t\t<div class=\"elementor-element elementor-element-fd861fe e-con-full e-flex e-con e-child\" data-id=\"fd861fe\" data-element_type=\"container\" data-e-type=\"container\">\n\t\t\t\t<div class=\"elementor-element elementor-element-dc6ea37 elementor-widget elementor-widget-image\" data-id=\"dc6ea37\" data-element_type=\"widget\" data-e-type=\"widget\" data-widget_type=\"image.default\">\n\t\t\t\t<div class=\"elementor-widget-container\">\n\t\t\t\t\t\t\t\t\t\t\t\t\t\t\t<img decoding=\"async\" width=\"800\" height=\"600\" src=\"https:\/\/prossesa.com.mx\/files\/mrst-rock-breaker-system-02-scaled-1-1024x768.jpg\" class=\"attachment-large size-large wp-image-7858\" alt=\"\" srcset=\"https:\/\/prossesa.com.mx\/files\/mrst-rock-breaker-system-02-scaled-1-1024x768.jpg 1024w, https:\/\/prossesa.com.mx\/files\/mrst-rock-breaker-system-02-scaled-1-300x225.jpg 300w, https:\/\/prossesa.com.mx\/files\/mrst-rock-breaker-system-02-scaled-1-768x576.jpg 768w, https:\/\/prossesa.com.mx\/files\/mrst-rock-breaker-system-02-scaled-1-1536x1152.jpg 1536w\" sizes=\"(max-width: 800px) 100vw, 800px\" \/>\t\t\t\t\t\t\t\t\t\t\t\t\t\t\t<\/div>\n\t\t\t\t<\/div>\n\t\t\t\t<\/div>\n\t\t<div class=\"elementor-element elementor-element-7937aed e-con-full e-flex e-con e-child\" data-id=\"7937aed\" data-element_type=\"container\" data-e-type=\"container\">\n\t\t\t\t<div class=\"elementor-element elementor-element-b509909 elementor-widget elementor-widget-heading\" data-id=\"b509909\" data-element_type=\"widget\" data-e-type=\"widget\" data-widget_type=\"heading.default\">\n\t\t\t\t<div class=\"elementor-widget-container\">\n\t\t\t\t\t<h2 class=\"elementor-heading-title elementor-size-default\">Rock Breakage System Controls<\/h2>\t\t\t\t<\/div>\n\t\t\t\t<\/div>\n\t\t\t\t<div class=\"elementor-element elementor-element-a27e9e2 elementor-widget elementor-widget-text-editor\" data-id=\"a27e9e2\" data-element_type=\"widget\" data-e-type=\"widget\" data-widget_type=\"text-editor.default\">\n\t\t\t\t<div class=\"elementor-widget-container\">\n\t\t\t\t\t\t\t\t\t<ul><li data-start=\"45\" data-end=\"105\"><p data-start=\"47\" data-end=\"105\">Wide variety of controls and options available.<\/p><\/li><li data-start=\"106\" data-end=\"175\"><p data-start=\"108\" data-end=\"175\">The non-programmable PLC control system is included as standard.<\/p><\/li><li data-start=\"176\" data-end=\"232\"><p data-start=\"178\" data-end=\"232\">Smart and programmable controls available.<\/p><\/li><\/ul>\t\t\t\t\t\t\t\t<\/div>\n\t\t\t\t<\/div>\n\t\t\t\t<\/div>\n\t\t\t\t<\/div>\n\t\t<div class=\"elementor-element elementor-element-59b8084 e-con-full e-flex e-con e-child\" data-id=\"59b8084\" data-element_type=\"container\" data-e-type=\"container\" data-settings=\"{&quot;background_background&quot;:&quot;classic&quot;}\">\n\t\t<div class=\"elementor-element elementor-element-0939057 e-con-full e-flex e-con e-child\" data-id=\"0939057\" data-element_type=\"container\" data-e-type=\"container\">\n\t\t\t\t<div class=\"elementor-element elementor-element-80241ba elementor-widget elementor-widget-image\" data-id=\"80241ba\" data-element_type=\"widget\" data-e-type=\"widget\" data-widget_type=\"image.default\">\n\t\t\t\t<div class=\"elementor-widget-container\">\n\t\t\t\t\t\t\t\t\t\t\t\t\t\t\t<img decoding=\"async\" width=\"800\" height=\"600\" src=\"https:\/\/prossesa.com.mx\/files\/mrst-rock-breaker-system-02-scaled-1-1024x768.jpg\" class=\"attachment-large size-large wp-image-7858\" alt=\"\" srcset=\"https:\/\/prossesa.com.mx\/files\/mrst-rock-breaker-system-02-scaled-1-1024x768.jpg 1024w, https:\/\/prossesa.com.mx\/files\/mrst-rock-breaker-system-02-scaled-1-300x225.jpg 300w, https:\/\/prossesa.com.mx\/files\/mrst-rock-breaker-system-02-scaled-1-768x576.jpg 768w, https:\/\/prossesa.com.mx\/files\/mrst-rock-breaker-system-02-scaled-1-1536x1152.jpg 1536w\" sizes=\"(max-width: 800px) 100vw, 800px\" \/>\t\t\t\t\t\t\t\t\t\t\t\t\t\t\t<\/div>\n\t\t\t\t<\/div>\n\t\t\t\t<\/div>\n\t\t<div class=\"elementor-element elementor-element-2e696b4 e-con-full e-flex e-con e-child\" data-id=\"2e696b4\" data-element_type=\"container\" data-e-type=\"container\">\n\t\t\t\t<div class=\"elementor-element elementor-element-5e1975e elementor-widget elementor-widget-heading\" data-id=\"5e1975e\" data-element_type=\"widget\" data-e-type=\"widget\" data-widget_type=\"heading.default\">\n\t\t\t\t<div class=\"elementor-widget-container\">\n\t\t\t\t\t<h2 class=\"elementor-heading-title elementor-size-default\">Pedestal design<\/h2>\t\t\t\t<\/div>\n\t\t\t\t<\/div>\n\t\t\t\t<div class=\"elementor-element elementor-element-d96e8b5 elementor-widget elementor-widget-text-editor\" data-id=\"d96e8b5\" data-element_type=\"widget\" data-e-type=\"widget\" data-widget_type=\"text-editor.default\">\n\t\t\t\t<div class=\"elementor-widget-container\">\n\t\t\t\t\t\t\t\t\t<ul><li data-start=\"84\" data-end=\"148\">Two pedestal designs: rotating post or rotating table.<\/li><li data-start=\"151\" data-end=\"221\">Swivel post: cost-effective option, with a 170\u00b0 swivel angle.<\/li><li data-start=\"224\" data-end=\"360\">Turntable: 330\u00b0 rotation, driven by a slew bearing providing constant torque.<\/li><\/ul>\t\t\t\t\t\t\t\t<\/div>\n\t\t\t\t<\/div>\n\t\t\t\t<\/div>\n\t\t\t\t<\/div>\n\t\t<div class=\"elementor-element elementor-element-7459ecf e-con-full e-flex e-con e-child\" data-id=\"7459ecf\" data-element_type=\"container\" data-e-type=\"container\" data-settings=\"{&quot;background_background&quot;:&quot;classic&quot;}\">\n\t\t<div class=\"elementor-element elementor-element-09fd5d2 e-con-full e-flex e-con e-child\" data-id=\"09fd5d2\" data-element_type=\"container\" data-e-type=\"container\">\n\t\t\t\t<div class=\"elementor-element elementor-element-f798591 elementor-widget elementor-widget-image\" data-id=\"f798591\" data-element_type=\"widget\" data-e-type=\"widget\" data-widget_type=\"image.default\">\n\t\t\t\t<div class=\"elementor-widget-container\">\n\t\t\t\t\t\t\t\t\t\t\t\t\t\t\t<img decoding=\"async\" width=\"800\" height=\"600\" src=\"https:\/\/prossesa.com.mx\/files\/mrst-rock-breaker-system-02-scaled-1-1024x768.jpg\" class=\"attachment-large size-large wp-image-7858\" alt=\"\" srcset=\"https:\/\/prossesa.com.mx\/files\/mrst-rock-breaker-system-02-scaled-1-1024x768.jpg 1024w, https:\/\/prossesa.com.mx\/files\/mrst-rock-breaker-system-02-scaled-1-300x225.jpg 300w, https:\/\/prossesa.com.mx\/files\/mrst-rock-breaker-system-02-scaled-1-768x576.jpg 768w, https:\/\/prossesa.com.mx\/files\/mrst-rock-breaker-system-02-scaled-1-1536x1152.jpg 1536w\" sizes=\"(max-width: 800px) 100vw, 800px\" \/>\t\t\t\t\t\t\t\t\t\t\t\t\t\t\t<\/div>\n\t\t\t\t<\/div>\n\t\t\t\t<\/div>\n\t\t<div class=\"elementor-element elementor-element-c8493e6 e-con-full e-flex e-con e-child\" data-id=\"c8493e6\" data-element_type=\"container\" data-e-type=\"container\">\n\t\t\t\t<div class=\"elementor-element elementor-element-799d248 elementor-widget elementor-widget-heading\" data-id=\"799d248\" data-element_type=\"widget\" data-e-type=\"widget\" data-widget_type=\"heading.default\">\n\t\t\t\t<div class=\"elementor-widget-container\">\n\t\t\t\t\t<h2 class=\"elementor-heading-title elementor-size-default\">Rock Breaking System Design<\/h2>\t\t\t\t<\/div>\n\t\t\t\t<\/div>\n\t\t\t\t<div class=\"elementor-element elementor-element-ddf87ad elementor-widget elementor-widget-text-editor\" data-id=\"ddf87ad\" data-element_type=\"widget\" data-e-type=\"widget\" data-widget_type=\"text-editor.default\">\n\t\t\t\t<div class=\"elementor-widget-container\">\n\t\t\t\t\t\t\t\t\t<ul><li data-start=\"95\" data-end=\"193\"><p data-start=\"97\" data-end=\"193\">Equipped with hardened alloy pins, aluminum bronze bushings, and thrust washers.<\/p><\/li><li data-start=\"194\" data-end=\"260\"><p data-start=\"196\" data-end=\"260\">Offers maximum service life in adverse working conditions.<\/p><\/li><li data-start=\"261\" data-end=\"375\"><p data-start=\"263\" data-end=\"375\">Induction-hardened, chrome-plated cylinder rods resist rock-ding damage.<\/p><\/li><\/ul>\t\t\t\t\t\t\t\t<\/div>\n\t\t\t\t<\/div>\n\t\t\t\t<\/div>\n\t\t\t\t<\/div>\n\t\t\t\t<\/div>\n\t\t<div class=\"elementor-element elementor-element-8738338 e-flex e-con-boxed e-con e-parent\" data-id=\"8738338\" data-element_type=\"container\" data-e-type=\"container\">\n\t\t\t\t\t<div class=\"e-con-inner\">\n\t\t\t\t<div class=\"elementor-element elementor-element-62dbc3d elementor-widget elementor-widget-heading\" data-id=\"62dbc3d\" data-element_type=\"widget\" data-e-type=\"widget\" data-widget_type=\"heading.default\">\n\t\t\t\t<div class=\"elementor-widget-container\">\n\t\t\t\t\t<h2 class=\"elementor-heading-title elementor-size-default\">Downloads<\/h2>\t\t\t\t<\/div>\n\t\t\t\t<\/div>\n\t\t\t\t\t<\/div>\n\t\t\t\t<\/div>\n\t\t<div class=\"elementor-element elementor-element-18a0763 e-grid e-con-boxed e-con e-parent\" data-id=\"18a0763\" data-element_type=\"container\" data-e-type=\"container\">\n\t\t\t\t\t<div class=\"e-con-inner\">\n\t\t\t\t<div class=\"elementor-element elementor-element-4f7de28 elementor-widget elementor-widget-button\" data-id=\"4f7de28\" data-element_type=\"widget\" data-e-type=\"widget\" data-widget_type=\"button.default\">\n\t\t\t\t<div class=\"elementor-widget-container\">\n\t\t\t\t\t\t\t\t\t<div class=\"elementor-button-wrapper\">\n\t\t\t\t\t<a class=\"elementor-button elementor-button-link elementor-size-sm\" href=\"https:\/\/prossesa.com.mx\/files\/breaker-technology-attachments-brochure-english.pdf\" target=\"_blank\">\n\t\t\t\t\t\t<span class=\"elementor-button-content-wrapper\">\n\t\t\t\t\t\t\t\t\t<span class=\"elementor-button-text\">Rock Breaker Systems Brochure English<\/span>\n\t\t\t\t\t<\/span>\n\t\t\t\t\t<\/a>\n\t\t\t\t<\/div>\n\t\t\t\t\t\t\t\t<\/div>\n\t\t\t\t<\/div>\n\t\t\t\t<div class=\"elementor-element elementor-element-3794e9a elementor-widget elementor-widget-button\" data-id=\"3794e9a\" data-element_type=\"widget\" data-e-type=\"widget\" data-widget_type=\"button.default\">\n\t\t\t\t<div class=\"elementor-widget-container\">\n\t\t\t\t\t\t\t\t\t<div class=\"elementor-button-wrapper\">\n\t\t\t\t\t<a class=\"elementor-button elementor-button-link elementor-size-sm\" href=\"https:\/\/prossesa.com.mx\/files\/mbs-series-rock-breaker-system-spec-sheet-english.pdf\" target=\"_blank\">\n\t\t\t\t\t\t<span class=\"elementor-button-content-wrapper\">\n\t\t\t\t\t\t\t\t\t<span class=\"elementor-button-text\">MBS Series Rock Breaker System Spec Sheet English<\/span>\n\t\t\t\t\t<\/span>\n\t\t\t\t\t<\/a>\n\t\t\t\t<\/div>\n\t\t\t\t\t\t\t\t<\/div>\n\t\t\t\t<\/div>\n\t\t\t\t<div class=\"elementor-element elementor-element-bc374ee elementor-widget elementor-widget-button\" data-id=\"bc374ee\" data-element_type=\"widget\" data-e-type=\"widget\" data-widget_type=\"button.default\">\n\t\t\t\t<div class=\"elementor-widget-container\">\n\t\t\t\t\t\t\t\t\t<div class=\"elementor-button-wrapper\">\n\t\t\t\t\t<a class=\"elementor-button elementor-button-link elementor-size-sm\" href=\"https:\/\/prossesa.com.mx\/files\/nte-series-rock-breaker-system-spec-sheet-english.pdf\" target=\"_blank\">\n\t\t\t\t\t\t<span class=\"elementor-button-content-wrapper\">\n\t\t\t\t\t\t\t\t\t<span class=\"elementor-button-text\">NTE Series Rock Breaker System Spec Sheet English<\/span>\n\t\t\t\t\t<\/span>\n\t\t\t\t\t<\/a>\n\t\t\t\t<\/div>\n\t\t\t\t\t\t\t\t<\/div>\n\t\t\t\t<\/div>\n\t\t\t\t<div class=\"elementor-element elementor-element-e908b80 elementor-widget elementor-widget-button\" data-id=\"e908b80\" data-element_type=\"widget\" data-e-type=\"widget\" data-widget_type=\"button.default\">\n\t\t\t\t<div class=\"elementor-widget-container\">\n\t\t\t\t\t\t\t\t\t<div class=\"elementor-button-wrapper\">\n\t\t\t\t\t<a class=\"elementor-button elementor-button-link elementor-size-sm\" href=\"https:\/\/prossesa.com.mx\/files\/ntte-series-rock-breaker-system-spec-sheet-english.pdf\" target=\"_blank\">\n\t\t\t\t\t\t<span class=\"elementor-button-content-wrapper\">\n\t\t\t\t\t\t\t\t\t<span class=\"elementor-button-text\">NTTE Series Rock Breaker System Spec Sheet English<\/span>\n\t\t\t\t\t<\/span>\n\t\t\t\t\t<\/a>\n\t\t\t\t<\/div>\n\t\t\t\t\t\t\t\t<\/div>\n\t\t\t\t<\/div>\n\t\t\t\t<div class=\"elementor-element elementor-element-c0ab2d4 elementor-widget elementor-widget-button\" data-id=\"c0ab2d4\" data-element_type=\"widget\" data-e-type=\"widget\" data-widget_type=\"button.default\">\n\t\t\t\t<div class=\"elementor-widget-container\">\n\t\t\t\t\t\t\t\t\t<div class=\"elementor-button-wrapper\">\n\t\t\t\t\t<a class=\"elementor-button elementor-button-link elementor-size-sm\" href=\"https:\/\/prossesa.com.mx\/files\/mrh-series-rock-breaker-system-spec-sheet-english.pdf\" target=\"_blank\">\n\t\t\t\t\t\t<span class=\"elementor-button-content-wrapper\">\n\t\t\t\t\t\t\t\t\t<span class=\"elementor-button-text\">MRH Series Rock Breaker System Spec Sheet English<\/span>\n\t\t\t\t\t<\/span>\n\t\t\t\t\t<\/a>\n\t\t\t\t<\/div>\n\t\t\t\t\t\t\t\t<\/div>\n\t\t\t\t<\/div>\n\t\t\t\t<div class=\"elementor-element elementor-element-9acb66f elementor-widget elementor-widget-button\" data-id=\"9acb66f\" data-element_type=\"widget\" data-e-type=\"widget\" data-widget_type=\"button.default\">\n\t\t\t\t<div class=\"elementor-widget-container\">\n\t\t\t\t\t\t\t\t\t<div class=\"elementor-button-wrapper\">\n\t\t\t\t\t<a class=\"elementor-button elementor-button-link elementor-size-sm\" href=\"https:\/\/prossesa.com.mx\/files\/mrht-series-rock-breaker-system-spec-sheet-english.pdf\" target=\"_blank\">\n\t\t\t\t\t\t<span class=\"elementor-button-content-wrapper\">\n\t\t\t\t\t\t\t\t\t<span class=\"elementor-button-text\">MRHT Series Rock Breaker System Spec Sheet English<\/span>\n\t\t\t\t\t<\/span>\n\t\t\t\t\t<\/a>\n\t\t\t\t<\/div>\n\t\t\t\t\t\t\t\t<\/div>\n\t\t\t\t<\/div>\n\t\t\t\t<div class=\"elementor-element elementor-element-b1fc6d7 elementor-widget elementor-widget-button\" data-id=\"b1fc6d7\" data-element_type=\"widget\" data-e-type=\"widget\" data-widget_type=\"button.default\">\n\t\t\t\t<div class=\"elementor-widget-container\">\n\t\t\t\t\t\t\t\t\t<div class=\"elementor-button-wrapper\">\n\t\t\t\t\t<a class=\"elementor-button elementor-button-link elementor-size-sm\" href=\"https:\/\/prossesa.com.mx\/files\/mrst-series-rock-breaker-system-spec-sheet-english.pdf\" target=\"_blank\">\n\t\t\t\t\t\t<span class=\"elementor-button-content-wrapper\">\n\t\t\t\t\t\t\t\t\t<span class=\"elementor-button-text\">MRST Series Rock Breaker System Spec Sheet<\/span>\n\t\t\t\t\t<\/span>\n\t\t\t\t\t<\/a>\n\t\t\t\t<\/div>\n\t\t\t\t\t\t\t\t<\/div>\n\t\t\t\t<\/div>\n\t\t\t\t<div class=\"elementor-element elementor-element-5503794 elementor-widget elementor-widget-button\" data-id=\"5503794\" data-element_type=\"widget\" data-e-type=\"widget\" data-widget_type=\"button.default\">\n\t\t\t\t<div class=\"elementor-widget-container\">\n\t\t\t\t\t\t\t\t\t<div class=\"elementor-button-wrapper\">\n\t\t\t\t\t<a class=\"elementor-button elementor-button-link elementor-size-sm\" href=\"https:\/\/prossesa.com.mx\/files\/ttx-series-rock-breaker-system-spec-sheet-english.pdf\" target=\"_blank\">\n\t\t\t\t\t\t<span class=\"elementor-button-content-wrapper\">\n\t\t\t\t\t\t\t\t\t<span class=\"elementor-button-text\">TTX Series Rock Breaker System Spec Sheet English<\/span>\n\t\t\t\t\t<\/span>\n\t\t\t\t\t<\/a>\n\t\t\t\t<\/div>\n\t\t\t\t\t\t\t\t<\/div>\n\t\t\t\t<\/div>\n\t\t\t\t<div class=\"elementor-element elementor-element-eb9e624 elementor-widget elementor-widget-button\" data-id=\"eb9e624\" data-element_type=\"widget\" data-e-type=\"widget\" data-widget_type=\"button.default\">\n\t\t\t\t<div class=\"elementor-widget-container\">\n\t\t\t\t\t\t\t\t\t<div class=\"elementor-button-wrapper\">\n\t\t\t\t\t<a class=\"elementor-button elementor-button-link elementor-size-sm\" href=\"https:\/\/prossesa.com.mx\/files\/ttxhd-series-rock-breaker-system-spec-sheet-english.pdf\" target=\"_blank\">\n\t\t\t\t\t\t<span class=\"elementor-button-content-wrapper\">\n\t\t\t\t\t\t\t\t\t<span class=\"elementor-button-text\">TTXHD Series Rock Breaker System Spec Sheet English<\/span>\n\t\t\t\t\t<\/span>\n\t\t\t\t\t<\/a>\n\t\t\t\t<\/div>\n\t\t\t\t\t\t\t\t<\/div>\n\t\t\t\t<\/div>\n\t\t\t\t\t<\/div>\n\t\t\t\t<\/div>\n\t\t\t\t<\/div>","protected":false},"excerpt":{"rendered":"<p>Rock Breaker Systems Astec cuenta con una variedad de modelos de sistemas de rompimiento de roca dise\u00f1ados para fragmentar material sobredimensionado en grandes trituradoras giratorias, parrillas (grizzlies) y en aplicaciones de trituraci\u00f3n primaria y secundaria. Ficha t\u00e9cnica Descripci\u00f3n general Astec cuenta con una amplia variedad de modelos de sistemas de rompimiento de roca dise\u00f1ados para [&hellip;]<\/p>\n","protected":false},"author":4,"featured_media":0,"parent":0,"menu_order":0,"comment_status":"closed","ping_status":"closed","template":"elementor_header_footer","meta":{"nf_dc_page":"","footnotes":""},"class_list":["post-7846","page","type-page","status-publish","hentry"],"_links":{"self":[{"href":"https:\/\/prossesa.com.mx\/en\/wp-json\/wp\/v2\/pages\/7846","targetHints":{"allow":["GET"]}}],"collection":[{"href":"https:\/\/prossesa.com.mx\/en\/wp-json\/wp\/v2\/pages"}],"about":[{"href":"https:\/\/prossesa.com.mx\/en\/wp-json\/wp\/v2\/types\/page"}],"author":[{"embeddable":true,"href":"https:\/\/prossesa.com.mx\/en\/wp-json\/wp\/v2\/users\/4"}],"replies":[{"embeddable":true,"href":"https:\/\/prossesa.com.mx\/en\/wp-json\/wp\/v2\/comments?post=7846"}],"version-history":[{"count":31,"href":"https:\/\/prossesa.com.mx\/en\/wp-json\/wp\/v2\/pages\/7846\/revisions"}],"predecessor-version":[{"id":7944,"href":"https:\/\/prossesa.com.mx\/en\/wp-json\/wp\/v2\/pages\/7846\/revisions\/7944"}],"wp:attachment":[{"href":"https:\/\/prossesa.com.mx\/en\/wp-json\/wp\/v2\/media?parent=7846"}],"curies":[{"name":"wp","href":"https:\/\/api.w.org\/{rel}","templated":true}]}}