{"id":7723,"date":"2026-01-12T19:28:43","date_gmt":"2026-01-12T19:28:43","guid":{"rendered":"https:\/\/prossesa.com.mx\/?page_id=7723"},"modified":"2026-01-15T18:21:35","modified_gmt":"2026-01-15T18:21:35","slug":"hydraulic-breakers","status":"publish","type":"page","link":"https:\/\/prossesa.com.mx\/en\/hydraulic-breakers\/","title":{"rendered":"Hydraulic Breakers"},"content":{"rendered":"<div data-elementor-type=\"wp-page\" data-elementor-id=\"7723\" class=\"elementor elementor-7723\" data-elementor-post-type=\"page\">\n\t\t\t\t<div class=\"elementor-element elementor-element-fc4f02f e-flex e-con-boxed e-con e-parent\" data-id=\"fc4f02f\" data-element_type=\"container\" data-e-type=\"container\">\n\t\t\t\t\t<div class=\"e-con-inner\">\n\t\t\t\t<div class=\"elementor-element elementor-element-693e2d9 elementor-widget elementor-widget-spacer\" data-id=\"693e2d9\" data-element_type=\"widget\" data-e-type=\"widget\" data-widget_type=\"spacer.default\">\n\t\t\t\t<div class=\"elementor-widget-container\">\n\t\t\t\t\t\t\t<div class=\"elementor-spacer\">\n\t\t\t<div class=\"elementor-spacer-inner\"><\/div>\n\t\t<\/div>\n\t\t\t\t\t\t<\/div>\n\t\t\t\t<\/div>\n\t\t\t\t\t<\/div>\n\t\t\t\t<\/div>\n\t\t<div class=\"elementor-element elementor-element-c138fd0 e-flex e-con-boxed e-con e-parent\" data-id=\"c138fd0\" data-element_type=\"container\" data-e-type=\"container\">\n\t\t\t\t\t<div class=\"e-con-inner\">\n\t\t<div class=\"elementor-element elementor-element-1cfb403 e-con-full e-flex e-con e-child\" data-id=\"1cfb403\" data-element_type=\"container\" data-e-type=\"container\">\n\t\t\t\t<div class=\"elementor-element elementor-element-fc652ad elementor-widget elementor-widget-image\" data-id=\"fc652ad\" data-element_type=\"widget\" data-e-type=\"widget\" data-widget_type=\"image.default\">\n\t\t\t\t<div class=\"elementor-widget-container\">\n\t\t\t\t\t\t\t\t\t\t\t\t\t\t\t<img fetchpriority=\"high\" decoding=\"async\" width=\"1536\" height=\"560\" src=\"https:\/\/prossesa.com.mx\/files\/hydraulic-breaker-header-01-1536x560-1.jpg\" class=\"attachment-full size-full wp-image-7735\" alt=\"hydraulic breaker\" srcset=\"https:\/\/prossesa.com.mx\/files\/hydraulic-breaker-header-01-1536x560-1.jpg 1536w, https:\/\/prossesa.com.mx\/files\/hydraulic-breaker-header-01-1536x560-1-300x109.jpg 300w, https:\/\/prossesa.com.mx\/files\/hydraulic-breaker-header-01-1536x560-1-1024x373.jpg 1024w, https:\/\/prossesa.com.mx\/files\/hydraulic-breaker-header-01-1536x560-1-768x280.jpg 768w\" sizes=\"(max-width: 1536px) 100vw, 1536px\" \/>\t\t\t\t\t\t\t\t\t\t\t\t\t\t\t<\/div>\n\t\t\t\t<\/div>\n\t\t\t\t<\/div>\n\t\t<div class=\"elementor-element elementor-element-651eeb7 e-con-full e-flex e-con e-child\" data-id=\"651eeb7\" data-element_type=\"container\" data-e-type=\"container\">\n\t\t\t\t<div class=\"elementor-element elementor-element-fac75ab elementor-widget elementor-widget-heading\" data-id=\"fac75ab\" data-element_type=\"widget\" data-e-type=\"widget\" data-widget_type=\"heading.default\">\n\t\t\t\t<div class=\"elementor-widget-container\">\n\t\t\t\t\t<h2 class=\"elementor-heading-title elementor-size-default\">Hydraulic Breakers<\/h2>\t\t\t\t<\/div>\n\t\t\t\t<\/div>\n\t\t\t\t<div class=\"elementor-element elementor-element-e32ad2e elementor-widget elementor-widget-text-editor\" data-id=\"e32ad2e\" data-element_type=\"widget\" data-e-type=\"widget\" data-widget_type=\"text-editor.default\">\n\t\t\t\t<div class=\"elementor-widget-container\">\n\t\t\t\t\t\t\t\t\t<p>Astec hydraulic breakers are designed to deliver optimal performance in a wide variety of applications, from breaking concrete and soft rock to complete demolition projects.<\/p>\t\t\t\t\t\t\t\t<\/div>\n\t\t\t\t<\/div>\n\t\t\t\t<div class=\"elementor-element elementor-element-7b2e801 elementor-widget elementor-widget-button\" data-id=\"7b2e801\" data-element_type=\"widget\" data-e-type=\"widget\" data-widget_type=\"button.default\">\n\t\t\t\t<div class=\"elementor-widget-container\">\n\t\t\t\t\t\t\t\t\t<div class=\"elementor-button-wrapper\">\n\t\t\t\t\t<a class=\"elementor-button elementor-button-link elementor-size-sm\" href=\"https:\/\/prossesa.com.mx\/files\/breaker-technology-attachments-brochure-english.pdf\" target=\"_blank\">\n\t\t\t\t\t\t<span class=\"elementor-button-content-wrapper\">\n\t\t\t\t\t\t\t\t\t<span class=\"elementor-button-text\">Technical sheet<\/span>\n\t\t\t\t\t<\/span>\n\t\t\t\t\t<\/a>\n\t\t\t\t<\/div>\n\t\t\t\t\t\t\t\t<\/div>\n\t\t\t\t<\/div>\n\t\t\t\t<\/div>\n\t\t\t\t\t<\/div>\n\t\t\t\t<\/div>\n\t\t<div class=\"elementor-element elementor-element-fd41cb7 e-flex e-con-boxed e-con e-parent\" data-id=\"fd41cb7\" data-element_type=\"container\" data-e-type=\"container\">\n\t\t\t\t\t<div class=\"e-con-inner\">\n\t\t\t\t<div class=\"elementor-element elementor-element-6c2e0a4 elementor-widget elementor-widget-spacer\" data-id=\"6c2e0a4\" data-element_type=\"widget\" data-e-type=\"widget\" data-widget_type=\"spacer.default\">\n\t\t\t\t<div class=\"elementor-widget-container\">\n\t\t\t\t\t\t\t<div class=\"elementor-spacer\">\n\t\t\t<div class=\"elementor-spacer-inner\"><\/div>\n\t\t<\/div>\n\t\t\t\t\t\t<\/div>\n\t\t\t\t<\/div>\n\t\t\t\t\t<\/div>\n\t\t\t\t<\/div>\n\t\t<div class=\"elementor-element elementor-element-93017b7 e-flex e-con-boxed e-con e-parent\" data-id=\"93017b7\" data-element_type=\"container\" data-e-type=\"container\" data-settings=\"{&quot;background_background&quot;:&quot;classic&quot;}\">\n\t\t\t\t\t<div class=\"e-con-inner\">\n\t\t\t\t<div class=\"elementor-element elementor-element-43947d1 elementor-widget elementor-widget-heading\" data-id=\"43947d1\" data-element_type=\"widget\" data-e-type=\"widget\" data-widget_type=\"heading.default\">\n\t\t\t\t<div class=\"elementor-widget-container\">\n\t\t\t\t\t<h2 class=\"elementor-heading-title elementor-size-default\">Overview<\/h2>\t\t\t\t<\/div>\n\t\t\t\t<\/div>\n\t\t\t\t<div class=\"elementor-element elementor-element-f70bb0f elementor-widget-tablet__width-initial elementor-widget elementor-widget-text-editor\" data-id=\"f70bb0f\" data-element_type=\"widget\" data-e-type=\"widget\" data-widget_type=\"text-editor.default\">\n\t\t\t\t<div class=\"elementor-widget-container\">\n\t\t\t\t\t\t\t\t\t<p data-start=\"103\" data-end=\"307\">Astec hydraulic breakers are designed to deliver optimal performance in a wide variety of applications, from breaking concrete and soft rock to complete demolition projects.<\/p><p data-start=\"309\" data-end=\"651\">With three size ranges and a variety of interchangeable tools, we have hydraulic hammers for any type of producer. Our equipment stands out for its low noise levels, reduced operating costs, protection of internal components, and many other features that guarantee the success of any operation.<\/p>\t\t\t\t\t\t\t\t<\/div>\n\t\t\t\t<\/div>\n\t\t\t\t\t<\/div>\n\t\t\t\t<\/div>\n\t\t<div class=\"elementor-element elementor-element-33bd89e e-grid e-con-full e-con e-parent\" data-id=\"33bd89e\" data-element_type=\"container\" data-e-type=\"container\">\n\t\t<div class=\"elementor-element elementor-element-f2c8d9f e-con-full e-flex e-con e-child\" data-id=\"f2c8d9f\" data-element_type=\"container\" data-e-type=\"container\" data-settings=\"{&quot;background_background&quot;:&quot;classic&quot;}\">\n\t\t<div class=\"elementor-element elementor-element-fd861fe e-con-full e-flex e-con e-child\" data-id=\"fd861fe\" data-element_type=\"container\" data-e-type=\"container\">\n\t\t\t\t<div class=\"elementor-element elementor-element-dc6ea37 elementor-widget elementor-widget-image\" data-id=\"dc6ea37\" data-element_type=\"widget\" data-e-type=\"widget\" data-widget_type=\"image.default\">\n\t\t\t\t<div class=\"elementor-widget-container\">\n\t\t\t\t\t\t\t\t\t\t\t\t\t\t\t<img decoding=\"async\" width=\"640\" height=\"520\" src=\"https:\/\/prossesa.com.mx\/files\/hydraulic-breaker-cx8-03.png\" class=\"attachment-large size-large wp-image-7761\" alt=\"\" srcset=\"https:\/\/prossesa.com.mx\/files\/hydraulic-breaker-cx8-03.png 640w, https:\/\/prossesa.com.mx\/files\/hydraulic-breaker-cx8-03-300x244.png 300w\" sizes=\"(max-width: 640px) 100vw, 640px\" \/>\t\t\t\t\t\t\t\t\t\t\t\t\t\t\t<\/div>\n\t\t\t\t<\/div>\n\t\t\t\t<\/div>\n\t\t<div class=\"elementor-element elementor-element-7937aed e-con-full e-flex e-con e-child\" data-id=\"7937aed\" data-element_type=\"container\" data-e-type=\"container\">\n\t\t\t\t<div class=\"elementor-element elementor-element-b509909 elementor-widget elementor-widget-heading\" data-id=\"b509909\" data-element_type=\"widget\" data-e-type=\"widget\" data-widget_type=\"heading.default\">\n\t\t\t\t<div class=\"elementor-widget-container\">\n\t\t\t\t\t<h2 class=\"elementor-heading-title elementor-size-default\">Hydraulic hammer tools<\/h2>\t\t\t\t<\/div>\n\t\t\t\t<\/div>\n\t\t\t\t<div class=\"elementor-element elementor-element-a27e9e2 elementor-widget elementor-widget-text-editor\" data-id=\"a27e9e2\" data-element_type=\"widget\" data-e-type=\"widget\" data-widget_type=\"text-editor.default\">\n\t\t\t\t<div class=\"elementor-widget-container\">\n\t\t\t\t\t\t\t\t\t<ul><li data-start=\"291\" data-end=\"311\">Dull tool<\/li><li data-start=\"316\" data-end=\"338\">Chisel<\/li><li data-start=\"316\" data-end=\"338\">Moil tool<\/li><\/ul>\t\t\t\t\t\t\t\t<\/div>\n\t\t\t\t<\/div>\n\t\t\t\t<\/div>\n\t\t\t\t<\/div>\n\t\t<div class=\"elementor-element elementor-element-59b8084 e-con-full e-flex e-con e-child\" data-id=\"59b8084\" data-element_type=\"container\" data-e-type=\"container\" data-settings=\"{&quot;background_background&quot;:&quot;classic&quot;}\">\n\t\t<div class=\"elementor-element elementor-element-0939057 e-con-full e-flex e-con e-child\" data-id=\"0939057\" data-element_type=\"container\" data-e-type=\"container\">\n\t\t\t\t<div class=\"elementor-element elementor-element-80241ba elementor-widget elementor-widget-image\" data-id=\"80241ba\" data-element_type=\"widget\" data-e-type=\"widget\" data-widget_type=\"image.default\">\n\t\t\t\t<div class=\"elementor-widget-container\">\n\t\t\t\t\t\t\t\t\t\t\t\t\t\t\t<img decoding=\"async\" width=\"640\" height=\"520\" src=\"https:\/\/prossesa.com.mx\/files\/hydraulic-breaker-cx8-03.png\" class=\"attachment-large size-large wp-image-7761\" alt=\"\" srcset=\"https:\/\/prossesa.com.mx\/files\/hydraulic-breaker-cx8-03.png 640w, https:\/\/prossesa.com.mx\/files\/hydraulic-breaker-cx8-03-300x244.png 300w\" sizes=\"(max-width: 640px) 100vw, 640px\" \/>\t\t\t\t\t\t\t\t\t\t\t\t\t\t\t<\/div>\n\t\t\t\t<\/div>\n\t\t\t\t<\/div>\n\t\t<div class=\"elementor-element elementor-element-2e696b4 e-con-full e-flex e-con e-child\" data-id=\"2e696b4\" data-element_type=\"container\" data-e-type=\"container\">\n\t\t\t\t<div class=\"elementor-element elementor-element-5e1975e elementor-widget elementor-widget-heading\" data-id=\"5e1975e\" data-element_type=\"widget\" data-e-type=\"widget\" data-widget_type=\"heading.default\">\n\t\t\t\t<div class=\"elementor-widget-container\">\n\t\t\t\t\t<h2 class=\"elementor-heading-title elementor-size-default\">Noise reduction<\/h2>\t\t\t\t<\/div>\n\t\t\t\t<\/div>\n\t\t\t\t<div class=\"elementor-element elementor-element-d96e8b5 elementor-widget elementor-widget-text-editor\" data-id=\"d96e8b5\" data-element_type=\"widget\" data-e-type=\"widget\" data-widget_type=\"text-editor.default\">\n\t\t\t\t<div class=\"elementor-widget-container\">\n\t\t\t\t\t\t\t\t\t<ul><li data-start=\"96\" data-end=\"161\"><p data-start=\"98\" data-end=\"161\">The box-type casing keeps noise levels to a minimum.<\/p><\/li><li data-start=\"96\" data-end=\"161\"><p data-start=\"98\" data-end=\"161\">Allows operators to work in densely populated areas without interruption.<\/p><\/li><\/ul>\t\t\t\t\t\t\t\t<\/div>\n\t\t\t\t<\/div>\n\t\t\t\t<\/div>\n\t\t\t\t<\/div>\n\t\t<div class=\"elementor-element elementor-element-7459ecf e-con-full e-flex e-con e-child\" data-id=\"7459ecf\" data-element_type=\"container\" data-e-type=\"container\" data-settings=\"{&quot;background_background&quot;:&quot;classic&quot;}\">\n\t\t<div class=\"elementor-element elementor-element-09fd5d2 e-con-full e-flex e-con e-child\" data-id=\"09fd5d2\" data-element_type=\"container\" data-e-type=\"container\">\n\t\t\t\t<div class=\"elementor-element elementor-element-f798591 elementor-widget elementor-widget-image\" data-id=\"f798591\" data-element_type=\"widget\" data-e-type=\"widget\" data-widget_type=\"image.default\">\n\t\t\t\t<div class=\"elementor-widget-container\">\n\t\t\t\t\t\t\t\t\t\t\t\t\t\t\t<img decoding=\"async\" width=\"640\" height=\"520\" src=\"https:\/\/prossesa.com.mx\/files\/hydraulic-breaker-cx8-03.png\" class=\"attachment-large size-large wp-image-7761\" alt=\"\" srcset=\"https:\/\/prossesa.com.mx\/files\/hydraulic-breaker-cx8-03.png 640w, https:\/\/prossesa.com.mx\/files\/hydraulic-breaker-cx8-03-300x244.png 300w\" sizes=\"(max-width: 640px) 100vw, 640px\" \/>\t\t\t\t\t\t\t\t\t\t\t\t\t\t\t<\/div>\n\t\t\t\t<\/div>\n\t\t\t\t<\/div>\n\t\t<div class=\"elementor-element elementor-element-c8493e6 e-con-full e-flex e-con e-child\" data-id=\"c8493e6\" data-element_type=\"container\" data-e-type=\"container\">\n\t\t\t\t<div class=\"elementor-element elementor-element-799d248 elementor-widget elementor-widget-heading\" data-id=\"799d248\" data-element_type=\"widget\" data-e-type=\"widget\" data-widget_type=\"heading.default\">\n\t\t\t\t<div class=\"elementor-widget-container\">\n\t\t\t\t\t<h2 class=\"elementor-heading-title elementor-size-default\">Hydraulic hammer maintenance<\/h2>\t\t\t\t<\/div>\n\t\t\t\t<\/div>\n\t\t\t\t<div class=\"elementor-element elementor-element-ddf87ad elementor-widget elementor-widget-text-editor\" data-id=\"ddf87ad\" data-element_type=\"widget\" data-e-type=\"widget\" data-widget_type=\"text-editor.default\">\n\t\t\t\t<div class=\"elementor-widget-container\">\n\t\t\t\t\t\t\t\t\t<ul><li data-start=\"108\" data-end=\"134\">Few integrated parts.<\/li><li data-start=\"108\" data-end=\"134\">Long-lasting components that require less frequent changes.<\/li><\/ul>\t\t\t\t\t\t\t\t<\/div>\n\t\t\t\t<\/div>\n\t\t\t\t<\/div>\n\t\t\t\t<\/div>\n\t\t<div class=\"elementor-element elementor-element-87db3a7 e-con-full e-flex e-con e-child\" data-id=\"87db3a7\" data-element_type=\"container\" data-e-type=\"container\" data-settings=\"{&quot;background_background&quot;:&quot;classic&quot;}\">\n\t\t<div class=\"elementor-element elementor-element-c25acfe e-con-full e-flex e-con e-child\" data-id=\"c25acfe\" data-element_type=\"container\" data-e-type=\"container\">\n\t\t\t\t<div class=\"elementor-element elementor-element-69e1385 elementor-widget elementor-widget-image\" data-id=\"69e1385\" data-element_type=\"widget\" data-e-type=\"widget\" data-widget_type=\"image.default\">\n\t\t\t\t<div class=\"elementor-widget-container\">\n\t\t\t\t\t\t\t\t\t\t\t\t\t\t\t<img decoding=\"async\" width=\"640\" height=\"520\" src=\"https:\/\/prossesa.com.mx\/files\/hydraulic-breaker-cx8-03.png\" class=\"attachment-large size-large wp-image-7761\" alt=\"\" srcset=\"https:\/\/prossesa.com.mx\/files\/hydraulic-breaker-cx8-03.png 640w, https:\/\/prossesa.com.mx\/files\/hydraulic-breaker-cx8-03-300x244.png 300w\" sizes=\"(max-width: 640px) 100vw, 640px\" \/>\t\t\t\t\t\t\t\t\t\t\t\t\t\t\t<\/div>\n\t\t\t\t<\/div>\n\t\t\t\t<\/div>\n\t\t<div class=\"elementor-element elementor-element-9c2ef06 e-con-full e-flex e-con e-child\" data-id=\"9c2ef06\" data-element_type=\"container\" data-e-type=\"container\">\n\t\t\t\t<div class=\"elementor-element elementor-element-f9ed2c1 elementor-widget elementor-widget-heading\" data-id=\"f9ed2c1\" data-element_type=\"widget\" data-e-type=\"widget\" data-widget_type=\"heading.default\">\n\t\t\t\t<div class=\"elementor-widget-container\">\n\t\t\t\t\t<h2 class=\"elementor-heading-title elementor-size-default\">Optimized production<\/h2>\t\t\t\t<\/div>\n\t\t\t\t<\/div>\n\t\t\t\t<div class=\"elementor-element elementor-element-9731ade elementor-widget elementor-widget-text-editor\" data-id=\"9731ade\" data-element_type=\"widget\" data-e-type=\"widget\" data-widget_type=\"text-editor.default\">\n\t\t\t\t<div class=\"elementor-widget-container\">\n\t\t\t\t\t\t\t\t\t<ul><li data-start=\"85\" data-end=\"195\"><p data-start=\"87\" data-end=\"195\">Most models feature a high\/low-stroke selector valve integrated into the hammer.<\/p><\/li><li data-start=\"196\" data-end=\"311\"><p data-start=\"198\" data-end=\"311\">The valve optimizes speed, allowing operators to work efficiently in various applications.<\/p><\/li><\/ul>\t\t\t\t\t\t\t\t<\/div>\n\t\t\t\t<\/div>\n\t\t\t\t<\/div>\n\t\t\t\t<\/div>\n\t\t\t\t<\/div>\n\t\t<div class=\"elementor-element elementor-element-8738338 e-flex e-con-boxed e-con e-parent\" data-id=\"8738338\" data-element_type=\"container\" data-e-type=\"container\">\n\t\t\t\t\t<div class=\"e-con-inner\">\n\t\t\t\t<div class=\"elementor-element elementor-element-62dbc3d elementor-widget elementor-widget-heading\" data-id=\"62dbc3d\" data-element_type=\"widget\" data-e-type=\"widget\" data-widget_type=\"heading.default\">\n\t\t\t\t<div class=\"elementor-widget-container\">\n\t\t\t\t\t<h2 class=\"elementor-heading-title elementor-size-default\">Downloads<\/h2>\t\t\t\t<\/div>\n\t\t\t\t<\/div>\n\t\t\t\t\t<\/div>\n\t\t\t\t<\/div>\n\t\t<div class=\"elementor-element elementor-element-18a0763 e-grid e-con-boxed e-con e-parent\" data-id=\"18a0763\" data-element_type=\"container\" data-e-type=\"container\">\n\t\t\t\t\t<div class=\"e-con-inner\">\n\t\t\t\t<div class=\"elementor-element elementor-element-4f7de28 elementor-widget elementor-widget-button\" data-id=\"4f7de28\" data-element_type=\"widget\" data-e-type=\"widget\" data-widget_type=\"button.default\">\n\t\t\t\t<div class=\"elementor-widget-container\">\n\t\t\t\t\t\t\t\t\t<div class=\"elementor-button-wrapper\">\n\t\t\t\t\t<a class=\"elementor-button elementor-button-link elementor-size-sm\" href=\"https:\/\/prossesa.com.mx\/files\/breaker-technology-attachments-brochure-english.pdf\" target=\"_blank\">\n\t\t\t\t\t\t<span class=\"elementor-button-content-wrapper\">\n\t\t\t\t\t\t\t\t\t<span class=\"elementor-button-text\">Rock Breaker Technology Attachments Brochure English<\/span>\n\t\t\t\t\t<\/span>\n\t\t\t\t\t<\/a>\n\t\t\t\t<\/div>\n\t\t\t\t\t\t\t\t<\/div>\n\t\t\t\t<\/div>\n\t\t\t\t<div class=\"elementor-element elementor-element-3794e9a elementor-widget elementor-widget-button\" data-id=\"3794e9a\" data-element_type=\"widget\" data-e-type=\"widget\" data-widget_type=\"button.default\">\n\t\t\t\t<div class=\"elementor-widget-container\">\n\t\t\t\t\t\t\t\t\t<div class=\"elementor-button-wrapper\">\n\t\t\t\t\t<a class=\"elementor-button elementor-button-link elementor-size-sm\" href=\"https:\/\/prossesa.com.mx\/files\/rock-breakers-and-systems-brochure-english.pdf\" target=\"_blank\">\n\t\t\t\t\t\t<span class=\"elementor-button-content-wrapper\">\n\t\t\t\t\t\t\t\t\t<span class=\"elementor-button-text\">Rock Breaker Systems Brochure English<\/span>\n\t\t\t\t\t<\/span>\n\t\t\t\t\t<\/a>\n\t\t\t\t<\/div>\n\t\t\t\t\t\t\t\t<\/div>\n\t\t\t\t<\/div>\n\t\t\t\t<div class=\"elementor-element elementor-element-bc374ee elementor-widget elementor-widget-button\" data-id=\"bc374ee\" data-element_type=\"widget\" data-e-type=\"widget\" data-widget_type=\"button.default\">\n\t\t\t\t<div class=\"elementor-widget-container\">\n\t\t\t\t\t\t\t\t\t<div class=\"elementor-button-wrapper\">\n\t\t\t\t\t<a class=\"elementor-button elementor-button-link elementor-size-sm\" href=\"https:\/\/prossesa.com.mx\/files\/cx-series-hydraulic-breaker-spec-sheet-english.pdf\" target=\"_blank\">\n\t\t\t\t\t\t<span class=\"elementor-button-content-wrapper\">\n\t\t\t\t\t\t\t\t\t<span class=\"elementor-button-text\">CX Series Hydraulic Breaker Spec Sheet English<\/span>\n\t\t\t\t\t<\/span>\n\t\t\t\t\t<\/a>\n\t\t\t\t<\/div>\n\t\t\t\t\t\t\t\t<\/div>\n\t\t\t\t<\/div>\n\t\t\t\t<div class=\"elementor-element elementor-element-e908b80 elementor-widget elementor-widget-button\" data-id=\"e908b80\" data-element_type=\"widget\" data-e-type=\"widget\" data-widget_type=\"button.default\">\n\t\t\t\t<div class=\"elementor-widget-container\">\n\t\t\t\t\t\t\t\t\t<div class=\"elementor-button-wrapper\">\n\t\t\t\t\t<a class=\"elementor-button elementor-button-link elementor-size-sm\" href=\"https:\/\/prossesa.com.mx\/files\/bx-series-hydraulic-breaker-spec-sheet-english.pdf\" target=\"_blank\">\n\t\t\t\t\t\t<span class=\"elementor-button-content-wrapper\">\n\t\t\t\t\t\t\t\t\t<span class=\"elementor-button-text\">BX Series Hydraulic Breaker Spec Sheet English<\/span>\n\t\t\t\t\t<\/span>\n\t\t\t\t\t<\/a>\n\t\t\t\t<\/div>\n\t\t\t\t\t\t\t\t<\/div>\n\t\t\t\t<\/div>\n\t\t\t\t<div class=\"elementor-element elementor-element-c0ab2d4 elementor-widget elementor-widget-button\" data-id=\"c0ab2d4\" data-element_type=\"widget\" data-e-type=\"widget\" data-widget_type=\"button.default\">\n\t\t\t\t<div class=\"elementor-widget-container\">\n\t\t\t\t\t\t\t\t\t<div class=\"elementor-button-wrapper\">\n\t\t\t\t\t<a class=\"elementor-button elementor-button-link elementor-size-sm\" href=\"https:\/\/prossesa.com.mx\/files\/bxr-series-hydraulic-breaker-spec-sheet-english.pdf\" target=\"_blank\">\n\t\t\t\t\t\t<span class=\"elementor-button-content-wrapper\">\n\t\t\t\t\t\t\t\t\t<span class=\"elementor-button-text\">BXR Series Hydraulic Breaker Spec Sheet English<\/span>\n\t\t\t\t\t<\/span>\n\t\t\t\t\t<\/a>\n\t\t\t\t<\/div>\n\t\t\t\t\t\t\t\t<\/div>\n\t\t\t\t<\/div>\n\t\t\t\t\t<\/div>\n\t\t\t\t<\/div>\n\t\t\t\t<\/div>","protected":false},"excerpt":{"rendered":"<p>Hydraulic Breakers Los martillos hidr\u00e1ulicos Astec est\u00e1n dise\u00f1ados para ofrecer un rendimiento \u00f3ptimo en una amplia variedad de aplicaciones, desde la rotura de concreto y roca blanda hasta proyectos de demolici\u00f3n completa. Ficha t\u00e9cnica Descripci\u00f3n general Los martillos hidr\u00e1ulicos Astec est\u00e1n dise\u00f1ados para ofrecer un rendimiento \u00f3ptimo en una amplia variedad de aplicaciones, desde la [&hellip;]<\/p>\n","protected":false},"author":4,"featured_media":0,"parent":0,"menu_order":0,"comment_status":"closed","ping_status":"closed","template":"elementor_header_footer","meta":{"nf_dc_page":"","footnotes":""},"class_list":["post-7723","page","type-page","status-publish","hentry"],"_links":{"self":[{"href":"https:\/\/prossesa.com.mx\/en\/wp-json\/wp\/v2\/pages\/7723","targetHints":{"allow":["GET"]}}],"collection":[{"href":"https:\/\/prossesa.com.mx\/en\/wp-json\/wp\/v2\/pages"}],"about":[{"href":"https:\/\/prossesa.com.mx\/en\/wp-json\/wp\/v2\/types\/page"}],"author":[{"embeddable":true,"href":"https:\/\/prossesa.com.mx\/en\/wp-json\/wp\/v2\/users\/4"}],"replies":[{"embeddable":true,"href":"https:\/\/prossesa.com.mx\/en\/wp-json\/wp\/v2\/comments?post=7723"}],"version-history":[{"count":112,"href":"https:\/\/prossesa.com.mx\/en\/wp-json\/wp\/v2\/pages\/7723\/revisions"}],"predecessor-version":[{"id":7958,"href":"https:\/\/prossesa.com.mx\/en\/wp-json\/wp\/v2\/pages\/7723\/revisions\/7958"}],"wp:attachment":[{"href":"https:\/\/prossesa.com.mx\/en\/wp-json\/wp\/v2\/media?parent=7723"}],"curies":[{"name":"wp","href":"https:\/\/api.w.org\/{rel}","templated":true}]}}