{"id":4702,"date":"2023-04-10T17:51:58","date_gmt":"2023-04-10T17:51:58","guid":{"rendered":"https:\/\/prossesa.com.mx\/?page_id=4702"},"modified":"2023-04-10T18:07:00","modified_gmt":"2023-04-10T18:07:00","slug":"bombas-de-pulpa","status":"publish","type":"page","link":"https:\/\/prossesa.com.mx\/en\/bombas-de-pulpa\/","title":{"rendered":"Slurry Pumps"},"content":{"rendered":"<div data-elementor-type=\"wp-page\" data-elementor-id=\"4702\" class=\"elementor elementor-4702\" data-elementor-post-type=\"page\">\n\t\t\t\t\t\t<section class=\"elementor-section elementor-top-section elementor-element elementor-element-8ff3c52 elementor-section-height-min-height elementor-section-boxed elementor-section-height-default elementor-section-items-middle\" data-id=\"8ff3c52\" data-element_type=\"section\" data-e-type=\"section\" data-settings=\"{&quot;background_background&quot;:&quot;classic&quot;}\">\n\t\t\t\t\t\t<div class=\"elementor-container elementor-column-gap-default\">\n\t\t\t\t\t<div class=\"elementor-column elementor-col-100 elementor-top-column elementor-element elementor-element-9862198\" data-id=\"9862198\" data-element_type=\"column\" data-e-type=\"column\">\n\t\t\t<div class=\"elementor-widget-wrap elementor-element-populated\">\n\t\t\t\t\t\t<div class=\"elementor-element elementor-element-f5b9a1c elementor-widget elementor-widget-heading\" data-id=\"f5b9a1c\" data-element_type=\"widget\" data-e-type=\"widget\" data-widget_type=\"heading.default\">\n\t\t\t\t<div class=\"elementor-widget-container\">\n\t\t\t\t\t<h2 class=\"elementor-heading-title elementor-size-default\">Slurry Pumps<\/h2>\t\t\t\t<\/div>\n\t\t\t\t<\/div>\n\t\t\t\t\t<\/div>\n\t\t<\/div>\n\t\t\t\t\t<\/div>\n\t\t<\/section>\n\t\t\t\t<section class=\"elementor-section elementor-top-section elementor-element elementor-element-588d60e elementor-section-boxed elementor-section-height-default elementor-section-height-default\" data-id=\"588d60e\" data-element_type=\"section\" data-e-type=\"section\">\n\t\t\t\t\t\t<div class=\"elementor-container elementor-column-gap-default\">\n\t\t\t\t\t<div class=\"elementor-column elementor-col-33 elementor-top-column elementor-element elementor-element-ba07527\" data-id=\"ba07527\" data-element_type=\"column\" data-e-type=\"column\">\n\t\t\t<div class=\"elementor-widget-wrap elementor-element-populated\">\n\t\t\t\t\t\t<div class=\"elementor-element elementor-element-258ab18 elementor-position-top elementor-widget elementor-widget-image-box\" data-id=\"258ab18\" data-element_type=\"widget\" data-e-type=\"widget\" data-widget_type=\"image-box.default\">\n\t\t\t\t<div class=\"elementor-widget-container\">\n\t\t\t\t\t<div class=\"elementor-image-box-wrapper\"><figure class=\"elementor-image-box-img\"><img fetchpriority=\"high\" decoding=\"async\" width=\"270\" height=\"270\" src=\"https:\/\/prossesa.com.mx\/files\/900.png\" class=\"attachment-full size-full wp-image-4708\" alt=\"\" srcset=\"https:\/\/prossesa.com.mx\/files\/900.png 270w, https:\/\/prossesa.com.mx\/files\/900-150x150.png 150w\" sizes=\"(max-width: 270px) 100vw, 270px\" \/><\/figure><div class=\"elementor-image-box-content\"><h3 class=\"elementor-image-box-title\">Bravo 900<\/h3><p class=\"elementor-image-box-description\">Pump type: Electric submersible pump for liquids with suspended solids\n<br><br>Classification: IP68\n<br><br>Max. dive depth: 20 m\/66 ft\n<br><br>Cable: 20 m\/66 ft SUBCAB This pump requires external start\n<br><br>Download Connection: Connection: Victaulic\n<br><br>Limitations: Allowed pH range: 5.5 - 14\n<br><br>Max liquid temperature: 40\u00b0C<\/p><\/div><\/div>\t\t\t\t<\/div>\n\t\t\t\t<\/div>\n\t\t\t\t\t<\/div>\n\t\t<\/div>\n\t\t\t\t<div class=\"elementor-column elementor-col-33 elementor-top-column elementor-element elementor-element-e659c4f\" data-id=\"e659c4f\" data-element_type=\"column\" data-e-type=\"column\">\n\t\t\t<div class=\"elementor-widget-wrap elementor-element-populated\">\n\t\t\t\t\t\t<div class=\"elementor-element elementor-element-367e5de elementor-position-top elementor-widget elementor-widget-image-box\" data-id=\"367e5de\" data-element_type=\"widget\" data-e-type=\"widget\" data-widget_type=\"image-box.default\">\n\t\t\t\t<div class=\"elementor-widget-container\">\n\t\t\t\t\t<div class=\"elementor-image-box-wrapper\"><figure class=\"elementor-image-box-img\"><img decoding=\"async\" width=\"270\" height=\"270\" src=\"https:\/\/prossesa.com.mx\/files\/500-600.png\" class=\"attachment-full size-full wp-image-4706\" alt=\"\" srcset=\"https:\/\/prossesa.com.mx\/files\/500-600.png 270w, https:\/\/prossesa.com.mx\/files\/500-600-150x150.png 150w\" sizes=\"(max-width: 270px) 100vw, 270px\" \/><\/figure><div class=\"elementor-image-box-content\"><h3 class=\"elementor-image-box-title\">Bravo 500<\/h3><p class=\"elementor-image-box-description\">Pump type: Electric submersible pump for liquids with suspended solids\n<br><br><br>Classification: IP68\n<br><br>Max. dive depth: 20 m\/66 ft\n<br><br>Cable: 20 m SUBCAB This pump requires external start\n<br><br>Download Connection: Connection: Victaulic\n<br><br>Limitations: Allowed pH range: 5.5 - 14\n<br><br>Max. liquid temp.: 40\u00b0C\/104\u00b0F (70\u00b0C\/158\u00b0F on request)<\/p><\/div><\/div>\t\t\t\t<\/div>\n\t\t\t\t<\/div>\n\t\t\t\t\t<\/div>\n\t\t<\/div>\n\t\t\t\t<div class=\"elementor-column elementor-col-33 elementor-top-column elementor-element elementor-element-9b849a9\" data-id=\"9b849a9\" data-element_type=\"column\" data-e-type=\"column\">\n\t\t\t<div class=\"elementor-widget-wrap elementor-element-populated\">\n\t\t\t\t\t\t<div class=\"elementor-element elementor-element-4a7c09c elementor-position-top elementor-widget elementor-widget-image-box\" data-id=\"4a7c09c\" data-element_type=\"widget\" data-e-type=\"widget\" data-widget_type=\"image-box.default\">\n\t\t\t\t<div class=\"elementor-widget-container\">\n\t\t\t\t\t<div class=\"elementor-image-box-wrapper\"><figure class=\"elementor-image-box-img\"><img decoding=\"async\" width=\"270\" height=\"270\" src=\"https:\/\/prossesa.com.mx\/files\/bravo_700-800.jpeg\" class=\"attachment-full size-full wp-image-4709\" alt=\"\" srcset=\"https:\/\/prossesa.com.mx\/files\/bravo_700-800.jpeg 270w, https:\/\/prossesa.com.mx\/files\/bravo_700-800-150x150.jpeg 150w\" sizes=\"(max-width: 270px) 100vw, 270px\" \/><\/figure><div class=\"elementor-image-box-content\"><h3 class=\"elementor-image-box-title\">Bravo 800<\/h3><p class=\"elementor-image-box-description\">Pump type: Electric submersible pump for liquids with suspended solids\n<br><br>Classification: IP68\n<br><br>Max. dive depth: 20 m\/66 ft\n<br><br>Cable: 20 m, SUBCAB This pump requires external starting\n<br><br>Download connection: Connection: Victaulic\n<br><br>Limitations: Allowed pH range: 5.5 - 14\n<br><br>Max. liquid temp.: 40\u00b0C\/104\u00b0F (70\u00b0C\/158\u00b0F on request)<\/p><\/div><\/div>\t\t\t\t<\/div>\n\t\t\t\t<\/div>\n\t\t\t\t\t<\/div>\n\t\t<\/div>\n\t\t\t\t\t<\/div>\n\t\t<\/section>\n\t\t\t\t<section class=\"elementor-section elementor-top-section elementor-element elementor-element-20dae4f elementor-section-boxed elementor-section-height-default elementor-section-height-default\" data-id=\"20dae4f\" data-element_type=\"section\" data-e-type=\"section\">\n\t\t\t\t\t\t<div class=\"elementor-container elementor-column-gap-default\">\n\t\t\t\t\t<div class=\"elementor-column elementor-col-33 elementor-top-column elementor-element elementor-element-91211d3\" data-id=\"91211d3\" data-element_type=\"column\" data-e-type=\"column\">\n\t\t\t<div class=\"elementor-widget-wrap elementor-element-populated\">\n\t\t\t\t\t\t<div class=\"elementor-element elementor-element-ba43041 elementor-position-top elementor-widget elementor-widget-image-box\" data-id=\"ba43041\" data-element_type=\"widget\" data-e-type=\"widget\" data-widget_type=\"image-box.default\">\n\t\t\t\t<div class=\"elementor-widget-container\">\n\t\t\t\t\t<div class=\"elementor-image-box-wrapper\"><figure class=\"elementor-image-box-img\"><img loading=\"lazy\" decoding=\"async\" width=\"270\" height=\"270\" src=\"https:\/\/prossesa.com.mx\/files\/200-300.png\" class=\"attachment-full size-full wp-image-4704\" alt=\"\" srcset=\"https:\/\/prossesa.com.mx\/files\/200-300.png 270w, https:\/\/prossesa.com.mx\/files\/200-300-150x150.png 150w\" sizes=\"(max-width: 270px) 100vw, 270px\" \/><\/figure><div class=\"elementor-image-box-content\"><h3 class=\"elementor-image-box-title\">Bravo 200<\/h3><p class=\"elementor-image-box-description\">Pump type: Three-phase submersible electric pump for liquid sludge\n<br><br>Classification: IP68\n<br><br>Max. dive depth: 20 m\/66 ft\n<br><br>Cable: 20 m SUBCAB This pump requires external start\n<br><br>Download connection: 4\u2019\u2019 - hose, BSP or NPT\n<br><br>Limitations: pH 5.5-14\n<br><br>Max. liquid temp.: 40\u00b0C\/104\u00b0F (70\u00b0C\/158\u00b0F on request)<\/p><\/div><\/div>\t\t\t\t<\/div>\n\t\t\t\t<\/div>\n\t\t\t\t\t<\/div>\n\t\t<\/div>\n\t\t\t\t<div class=\"elementor-column elementor-col-33 elementor-top-column elementor-element elementor-element-e70f9d9\" data-id=\"e70f9d9\" data-element_type=\"column\" data-e-type=\"column\">\n\t\t\t<div class=\"elementor-widget-wrap elementor-element-populated\">\n\t\t\t\t\t\t<div class=\"elementor-element elementor-element-1879b48 elementor-position-top elementor-widget elementor-widget-image-box\" data-id=\"1879b48\" data-element_type=\"widget\" data-e-type=\"widget\" data-widget_type=\"image-box.default\">\n\t\t\t\t<div class=\"elementor-widget-container\">\n\t\t\t\t\t<div class=\"elementor-image-box-wrapper\"><figure class=\"elementor-image-box-img\"><img decoding=\"async\" width=\"270\" height=\"270\" src=\"https:\/\/prossesa.com.mx\/files\/500-600.png\" class=\"attachment-full size-full wp-image-4706\" alt=\"\" srcset=\"https:\/\/prossesa.com.mx\/files\/500-600.png 270w, https:\/\/prossesa.com.mx\/files\/500-600-150x150.png 150w\" sizes=\"(max-width: 270px) 100vw, 270px\" \/><\/figure><div class=\"elementor-image-box-content\"><h3 class=\"elementor-image-box-title\">Bravo 600<\/h3><p class=\"elementor-image-box-description\">Pump type: Electric submersible pump for liquids with suspended solids\n<br><br>Classification: IP68\n<br><br>max. submersion depth: 20 m\/66 ft\n<br><br>Cable: 20 m SUBCAB This pump requires external start\n<br><br>Download Connection: Connection: Victaulic\n<br><br>Limitations: Allowed pH range: 5.5 - 14\n<br><br>Max. liquid temp.: 40\u00b0C\/104\u00b0F (70\u00b0C\/158\u00b0F on request)<\/p><\/div><\/div>\t\t\t\t<\/div>\n\t\t\t\t<\/div>\n\t\t\t\t\t<\/div>\n\t\t<\/div>\n\t\t\t\t<div class=\"elementor-column elementor-col-33 elementor-top-column elementor-element elementor-element-4987196\" data-id=\"4987196\" data-element_type=\"column\" data-e-type=\"column\">\n\t\t\t<div class=\"elementor-widget-wrap elementor-element-populated\">\n\t\t\t\t\t\t<div class=\"elementor-element elementor-element-3b1168d elementor-position-top elementor-widget elementor-widget-image-box\" data-id=\"3b1168d\" data-element_type=\"widget\" data-e-type=\"widget\" data-widget_type=\"image-box.default\">\n\t\t\t\t<div class=\"elementor-widget-container\">\n\t\t\t\t\t<div class=\"elementor-image-box-wrapper\"><figure class=\"elementor-image-box-img\"><img decoding=\"async\" width=\"270\" height=\"270\" src=\"https:\/\/prossesa.com.mx\/files\/bravo_700-800.jpeg\" class=\"attachment-full size-full wp-image-4709\" alt=\"\" srcset=\"https:\/\/prossesa.com.mx\/files\/bravo_700-800.jpeg 270w, https:\/\/prossesa.com.mx\/files\/bravo_700-800-150x150.jpeg 150w\" sizes=\"(max-width: 270px) 100vw, 270px\" \/><\/figure><div class=\"elementor-image-box-content\"><h3 class=\"elementor-image-box-title\">Bravo 700<\/h3><p class=\"elementor-image-box-description\">Pump type: Electric submersible pump for liquids with suspended solids\n<br><br>Classification: IP68\n<br><br>Max. dive depth: 20 m\/66 ft\n<br><br>Cable: 20 m SUBCAB This pump requires external start\n<br><br>Download Connection: Connection: Victaulic\n<br><br>Limitations: Allowed pH range: 5.5 - 14\n<br><br>Max liquid temperature: 40\u00b0C<\/p><\/div><\/div>\t\t\t\t<\/div>\n\t\t\t\t<\/div>\n\t\t\t\t\t<\/div>\n\t\t<\/div>\n\t\t\t\t\t<\/div>\n\t\t<\/section>\n\t\t\t\t<section class=\"elementor-section elementor-top-section elementor-element elementor-element-15476fd elementor-section-boxed elementor-section-height-default elementor-section-height-default\" data-id=\"15476fd\" data-element_type=\"section\" data-e-type=\"section\">\n\t\t\t\t\t\t<div class=\"elementor-container elementor-column-gap-default\">\n\t\t\t\t\t<div class=\"elementor-column elementor-col-33 elementor-top-column elementor-element elementor-element-127af60\" data-id=\"127af60\" data-element_type=\"column\" data-e-type=\"column\">\n\t\t\t<div class=\"elementor-widget-wrap elementor-element-populated\">\n\t\t\t\t\t\t<div class=\"elementor-element elementor-element-12539c2 elementor-position-top elementor-widget elementor-widget-image-box\" data-id=\"12539c2\" data-element_type=\"widget\" data-e-type=\"widget\" data-widget_type=\"image-box.default\">\n\t\t\t\t<div class=\"elementor-widget-container\">\n\t\t\t\t\t<div class=\"elementor-image-box-wrapper\"><figure class=\"elementor-image-box-img\"><img loading=\"lazy\" decoding=\"async\" width=\"270\" height=\"270\" src=\"https:\/\/prossesa.com.mx\/files\/200-300.png\" class=\"attachment-full size-full wp-image-4704\" alt=\"\" srcset=\"https:\/\/prossesa.com.mx\/files\/200-300.png 270w, https:\/\/prossesa.com.mx\/files\/200-300-150x150.png 150w\" sizes=\"(max-width: 270px) 100vw, 270px\" \/><\/figure><div class=\"elementor-image-box-content\"><h3 class=\"elementor-image-box-title\">Bravo 300<\/h3><p class=\"elementor-image-box-description\">Pump type: Three-phase submersible electric pump for liquid sludge\n<br><br>Classification: IP68\n<br><br>Max. dive depth: 20 m\/66 ft\n<br><br>Cable: 20 m SUBCAB This pump requires external start\n<br><br>Download connection: 4\u201d - hose, BSP or NPT\n<br><br>Limitations: pH 5.5-14\n<br><br>Max. liquid temp.: 40\u00b0C\/104\u00b0F (70\u00b0C\/158\u00b0F on request)<\/p><\/div><\/div>\t\t\t\t<\/div>\n\t\t\t\t<\/div>\n\t\t\t\t\t<\/div>\n\t\t<\/div>\n\t\t\t\t<div class=\"elementor-column elementor-col-33 elementor-top-column elementor-element elementor-element-0614200\" data-id=\"0614200\" data-element_type=\"column\" data-e-type=\"column\">\n\t\t\t<div class=\"elementor-widget-wrap elementor-element-populated\">\n\t\t\t\t\t\t<div class=\"elementor-element elementor-element-a17c3f6 elementor-position-top elementor-widget elementor-widget-image-box\" data-id=\"a17c3f6\" data-element_type=\"widget\" data-e-type=\"widget\" data-widget_type=\"image-box.default\">\n\t\t\t\t<div class=\"elementor-widget-container\">\n\t\t\t\t\t<div class=\"elementor-image-box-wrapper\"><figure class=\"elementor-image-box-img\"><img loading=\"lazy\" decoding=\"async\" width=\"270\" height=\"270\" src=\"https:\/\/prossesa.com.mx\/files\/400.png\" class=\"attachment-full size-full wp-image-4705\" alt=\"\" srcset=\"https:\/\/prossesa.com.mx\/files\/400.png 270w, https:\/\/prossesa.com.mx\/files\/400-150x150.png 150w\" sizes=\"(max-width: 270px) 100vw, 270px\" \/><\/figure><div class=\"elementor-image-box-content\"><h3 class=\"elementor-image-box-title\">Bravo 400<\/h3><p class=\"elementor-image-box-description\">Pump type: Electric submersible pump for liquids with suspended solids\n<br><br>Classification: IP 68 Class\n<br><br>Max. dive depth: 20 m\/66 ft\n<br><br>Cable: 20 m SUBCAB This pump requires external start\n<br><br>Download Connection: Connection: Victaulic\n<br><br>Limitations: Allowed pH range: 5.5 - 14\n<br><br>Max. liquid temp.: 40\u00b0C\/104\u00b0F (70\u00b0C\/158\u00b0F on request)<\/p><\/div><\/div>\t\t\t\t<\/div>\n\t\t\t\t<\/div>\n\t\t\t\t\t<\/div>\n\t\t<\/div>\n\t\t\t\t<div class=\"elementor-column elementor-col-33 elementor-top-column elementor-element elementor-element-cf4c76d\" data-id=\"cf4c76d\" data-element_type=\"column\" data-e-type=\"column\">\n\t\t\t<div class=\"elementor-widget-wrap\">\n\t\t\t\t\t\t\t<\/div>\n\t\t<\/div>\n\t\t\t\t\t<\/div>\n\t\t<\/section>\n\t\t\t\t<section class=\"elementor-section elementor-top-section elementor-element elementor-element-3c888d5 elementor-section-boxed elementor-section-height-default elementor-section-height-default\" data-id=\"3c888d5\" data-element_type=\"section\" data-e-type=\"section\">\n\t\t\t\t\t\t<div class=\"elementor-container elementor-column-gap-default\">\n\t\t\t\t\t<div class=\"elementor-column elementor-col-100 elementor-top-column elementor-element elementor-element-dc2a86e\" data-id=\"dc2a86e\" data-element_type=\"column\" data-e-type=\"column\">\n\t\t\t<div class=\"elementor-widget-wrap elementor-element-populated\">\n\t\t\t\t\t\t<div class=\"elementor-element elementor-element-afb883c elementor-widget elementor-widget-spacer\" data-id=\"afb883c\" data-element_type=\"widget\" data-e-type=\"widget\" data-widget_type=\"spacer.default\">\n\t\t\t\t<div class=\"elementor-widget-container\">\n\t\t\t\t\t\t\t<div class=\"elementor-spacer\">\n\t\t\t<div class=\"elementor-spacer-inner\"><\/div>\n\t\t<\/div>\n\t\t\t\t\t\t<\/div>\n\t\t\t\t<\/div>\n\t\t\t\t\t<\/div>\n\t\t<\/div>\n\t\t\t\t\t<\/div>\n\t\t<\/section>\n\t\t\t\t<\/div>","protected":false},"excerpt":{"rendered":"<p>Bombas de Pulpa Bravo 900 Tipo de bomba: Bomba el\u00e9ctrica sumergible para l\u00edquidos con s\u00f3lidos en suspensi\u00f3n Clasificaci\u00f3n: IP 68 Profundidad m\u00e1x. de sumersi\u00f3n: 20 m\/66 ft Cable: 20 m\/66 ft SUBCAB Esta bomba requiere arranque externo Conexi\u00f3n de descarga: Conexi\u00f3n: Victaulic Limitaciones: Rango de pH permitido: 5.5 &#8211; 14 Temp. m\u00e1x. del l\u00edquido: 40\u00b0C [&hellip;]<\/p>\n","protected":false},"author":4,"featured_media":0,"parent":0,"menu_order":0,"comment_status":"closed","ping_status":"closed","template":"elementor_header_footer","meta":{"nf_dc_page":"","footnotes":""},"class_list":["post-4702","page","type-page","status-publish","hentry"],"_links":{"self":[{"href":"https:\/\/prossesa.com.mx\/en\/wp-json\/wp\/v2\/pages\/4702","targetHints":{"allow":["GET"]}}],"collection":[{"href":"https:\/\/prossesa.com.mx\/en\/wp-json\/wp\/v2\/pages"}],"about":[{"href":"https:\/\/prossesa.com.mx\/en\/wp-json\/wp\/v2\/types\/page"}],"author":[{"embeddable":true,"href":"https:\/\/prossesa.com.mx\/en\/wp-json\/wp\/v2\/users\/4"}],"replies":[{"embeddable":true,"href":"https:\/\/prossesa.com.mx\/en\/wp-json\/wp\/v2\/comments?post=4702"}],"version-history":[{"count":10,"href":"https:\/\/prossesa.com.mx\/en\/wp-json\/wp\/v2\/pages\/4702\/revisions"}],"predecessor-version":[{"id":4735,"href":"https:\/\/prossesa.com.mx\/en\/wp-json\/wp\/v2\/pages\/4702\/revisions\/4735"}],"wp:attachment":[{"href":"https:\/\/prossesa.com.mx\/en\/wp-json\/wp\/v2\/media?parent=4702"}],"curies":[{"name":"wp","href":"https:\/\/api.w.org\/{rel}","templated":true}]}}