{"id":4690,"date":"2023-04-10T16:52:31","date_gmt":"2023-04-10T16:52:31","guid":{"rendered":"https:\/\/prossesa.com.mx\/?page_id=4690"},"modified":"2023-04-10T17:13:13","modified_gmt":"2023-04-10T17:13:13","slug":"bombas-de-lodo","status":"publish","type":"page","link":"https:\/\/prossesa.com.mx\/en\/bombas-de-lodo\/","title":{"rendered":"Slurry Pumps"},"content":{"rendered":"<div data-elementor-type=\"wp-page\" data-elementor-id=\"4690\" class=\"elementor elementor-4690\" data-elementor-post-type=\"page\">\n\t\t\t\t\t\t<section class=\"elementor-section elementor-top-section elementor-element elementor-element-7176e88 elementor-section-height-min-height elementor-section-boxed elementor-section-height-default elementor-section-items-middle\" data-id=\"7176e88\" data-element_type=\"section\" data-e-type=\"section\" data-settings=\"{&quot;background_background&quot;:&quot;classic&quot;}\">\n\t\t\t\t\t\t<div class=\"elementor-container elementor-column-gap-default\">\n\t\t\t\t\t<div class=\"elementor-column elementor-col-100 elementor-top-column elementor-element elementor-element-a6c7faf\" data-id=\"a6c7faf\" data-element_type=\"column\" data-e-type=\"column\">\n\t\t\t<div class=\"elementor-widget-wrap elementor-element-populated\">\n\t\t\t\t\t\t<div class=\"elementor-element elementor-element-1374518 elementor-widget elementor-widget-heading\" data-id=\"1374518\" data-element_type=\"widget\" data-e-type=\"widget\" data-widget_type=\"heading.default\">\n\t\t\t\t<div class=\"elementor-widget-container\">\n\t\t\t\t\t<h2 class=\"elementor-heading-title elementor-size-default\">Slurry Pumps<\/h2>\t\t\t\t<\/div>\n\t\t\t\t<\/div>\n\t\t\t\t\t<\/div>\n\t\t<\/div>\n\t\t\t\t\t<\/div>\n\t\t<\/section>\n\t\t\t\t<section class=\"elementor-section elementor-top-section elementor-element elementor-element-758535d elementor-section-boxed elementor-section-height-default elementor-section-height-default\" data-id=\"758535d\" data-element_type=\"section\" data-e-type=\"section\">\n\t\t\t\t\t\t<div class=\"elementor-container elementor-column-gap-default\">\n\t\t\t\t\t<div class=\"elementor-column elementor-col-33 elementor-top-column elementor-element elementor-element-5da3e94\" data-id=\"5da3e94\" data-element_type=\"column\" data-e-type=\"column\">\n\t\t\t<div class=\"elementor-widget-wrap elementor-element-populated\">\n\t\t\t\t\t\t<div class=\"elementor-element elementor-element-0104d85 elementor-position-top elementor-widget elementor-widget-image-box\" data-id=\"0104d85\" data-element_type=\"widget\" data-e-type=\"widget\" data-widget_type=\"image-box.default\">\n\t\t\t\t<div class=\"elementor-widget-container\">\n\t\t\t\t\t<div class=\"elementor-image-box-wrapper\"><figure class=\"elementor-image-box-img\"><img fetchpriority=\"high\" decoding=\"async\" width=\"270\" height=\"270\" src=\"https:\/\/prossesa.com.mx\/files\/SOLID.png\" class=\"attachment-full size-full wp-image-4695\" alt=\"\" srcset=\"https:\/\/prossesa.com.mx\/files\/SOLID.png 270w, https:\/\/prossesa.com.mx\/files\/SOLID-150x150.png 150w\" sizes=\"(max-width: 270px) 100vw, 270px\" \/><\/figure><div class=\"elementor-image-box-content\"><h3 class=\"elementor-image-box-title\">Solid<\/h3><p class=\"elementor-image-box-description\">Pump type: Single-phase submersible electric\n<br><br>Classification: IP68\n<br><br>Max. submersion depth: 10 m\n<br><br>Cable: 10 m, H07RN-F, 3x1mm\u00b2\n<br><br>Discharge connection: 2\u201d - hose, BSP or NPSM\n<br><br>Limitations: pH 5-8\n<br><br>Max liquid temperature: 40\u00b0C<\/p><\/div><\/div>\t\t\t\t<\/div>\n\t\t\t\t<\/div>\n\t\t\t\t\t<\/div>\n\t\t<\/div>\n\t\t\t\t<div class=\"elementor-column elementor-col-33 elementor-top-column elementor-element elementor-element-38eb74c\" data-id=\"38eb74c\" data-element_type=\"column\" data-e-type=\"column\">\n\t\t\t<div class=\"elementor-widget-wrap elementor-element-populated\">\n\t\t\t\t\t\t<div class=\"elementor-element elementor-element-80e3fd7 elementor-position-top elementor-widget elementor-widget-image-box\" data-id=\"80e3fd7\" data-element_type=\"widget\" data-e-type=\"widget\" data-widget_type=\"image-box.default\">\n\t\t\t\t<div class=\"elementor-widget-container\">\n\t\t\t\t\t<div class=\"elementor-image-box-wrapper\"><figure class=\"elementor-image-box-img\"><img decoding=\"async\" width=\"270\" height=\"270\" src=\"https:\/\/prossesa.com.mx\/files\/SANDY-MSHA.png\" class=\"attachment-full size-full wp-image-4693\" alt=\"\" srcset=\"https:\/\/prossesa.com.mx\/files\/SANDY-MSHA.png 270w, https:\/\/prossesa.com.mx\/files\/SANDY-MSHA-150x150.png 150w\" sizes=\"(max-width: 270px) 100vw, 270px\" \/><\/figure><div class=\"elementor-image-box-content\"><h3 class=\"elementor-image-box-title\">Sandy N \/ H MSHA<\/h3><p class=\"elementor-image-box-description\">Pump type: Electrical submersible. Single-phase and three-phase.,\n<br><br>IP68 Rating\n<br><br>Maximum submersion 20m\n<br><br>SUBCAB Cable\n<br><br>Discharge connection hose, ISO-G or NPT\n<br><br>Limitations pH 5-8\n<br><br>Max liquid temperature 40\u00b0C<\/p><\/div><\/div>\t\t\t\t<\/div>\n\t\t\t\t<\/div>\n\t\t\t\t\t<\/div>\n\t\t<\/div>\n\t\t\t\t<div class=\"elementor-column elementor-col-33 elementor-top-column elementor-element elementor-element-34b6eb1\" data-id=\"34b6eb1\" data-element_type=\"column\" data-e-type=\"column\">\n\t\t\t<div class=\"elementor-widget-wrap elementor-element-populated\">\n\t\t\t\t\t\t<div class=\"elementor-element elementor-element-751e318 elementor-position-top elementor-widget elementor-widget-image-box\" data-id=\"751e318\" data-element_type=\"widget\" data-e-type=\"widget\" data-widget_type=\"image-box.default\">\n\t\t\t\t<div class=\"elementor-widget-container\">\n\t\t\t\t\t<div class=\"elementor-image-box-wrapper\"><figure class=\"elementor-image-box-img\"><img decoding=\"async\" width=\"270\" height=\"270\" src=\"https:\/\/prossesa.com.mx\/files\/SANDY.png\" class=\"attachment-full size-full wp-image-4694\" alt=\"\" srcset=\"https:\/\/prossesa.com.mx\/files\/SANDY.png 270w, https:\/\/prossesa.com.mx\/files\/SANDY-150x150.png 150w\" sizes=\"(max-width: 270px) 100vw, 270px\" \/><\/figure><div class=\"elementor-image-box-content\"><h3 class=\"elementor-image-box-title\">Sandy N \/ H<\/h3><p class=\"elementor-image-box-description\">Pump type: Three-phase submersible electric\n<br><br>Classification: IP68\n<br><br>Max. immersion depth: 20 meters\n<br><br>Cable: 20 meters, SUBCAB: 3-phase: 4-conductor, 2.5mm\u00b2\n<br><br>Download connection: 4\u201d - hose, ISO-G or NPT\n<br><br>Limitations: pH 5-8\n<br><br>Max liquid temperature: 40\u00b0C<\/p><\/div><\/div>\t\t\t\t<\/div>\n\t\t\t\t<\/div>\n\t\t\t\t\t<\/div>\n\t\t<\/div>\n\t\t\t\t\t<\/div>\n\t\t<\/section>\n\t\t\t\t<section class=\"elementor-section elementor-top-section elementor-element elementor-element-a72b199 elementor-section-boxed elementor-section-height-default elementor-section-height-default\" data-id=\"a72b199\" data-element_type=\"section\" data-e-type=\"section\">\n\t\t\t\t\t\t<div class=\"elementor-container elementor-column-gap-default\">\n\t\t\t\t\t<div class=\"elementor-column elementor-col-33 elementor-top-column elementor-element elementor-element-af3baeb\" data-id=\"af3baeb\" data-element_type=\"column\" data-e-type=\"column\">\n\t\t\t<div class=\"elementor-widget-wrap elementor-element-populated\">\n\t\t\t\t\t\t<div class=\"elementor-element elementor-element-8441bf1 elementor-position-top elementor-widget elementor-widget-image-box\" data-id=\"8441bf1\" data-element_type=\"widget\" data-e-type=\"widget\" data-widget_type=\"image-box.default\">\n\t\t\t\t<div class=\"elementor-widget-container\">\n\t\t\t\t\t<div class=\"elementor-image-box-wrapper\"><figure class=\"elementor-image-box-img\"><img loading=\"lazy\" decoding=\"async\" width=\"270\" height=\"270\" src=\"https:\/\/prossesa.com.mx\/files\/SENIOR.png\" class=\"attachment-full size-full wp-image-4698\" alt=\"\" srcset=\"https:\/\/prossesa.com.mx\/files\/SENIOR.png 270w, https:\/\/prossesa.com.mx\/files\/SENIOR-150x150.png 150w\" sizes=\"(max-width: 270px) 100vw, 270px\" \/><\/figure><div class=\"elementor-image-box-content\"><h3 class=\"elementor-image-box-title\">Senior<\/h3><p class=\"elementor-image-box-description\">Pump type: Three-phase submersible electric\n<br><br>Classification: Class IP 68\n<br><br>Maximum immersion depth: 20 meters\n<br><br>Cable: 20 meters, SUBCAB: 3-phase: 4-conductor, 2.5mm\u00b2\n<br><br>Download connection: 4\u201d - hose, ISO-G or NPT\n<br><br>Limitations: pH 5-8\n<br><br>Max liquid temperature: 40\u00b0C<\/p><\/div><\/div>\t\t\t\t<\/div>\n\t\t\t\t<\/div>\n\t\t\t\t\t<\/div>\n\t\t<\/div>\n\t\t\t\t<div class=\"elementor-column elementor-col-33 elementor-top-column elementor-element elementor-element-ea1f198\" data-id=\"ea1f198\" data-element_type=\"column\" data-e-type=\"column\">\n\t\t\t<div class=\"elementor-widget-wrap elementor-element-populated\">\n\t\t\t\t\t\t<div class=\"elementor-element elementor-element-12b640f elementor-position-top elementor-widget elementor-widget-image-box\" data-id=\"12b640f\" data-element_type=\"widget\" data-e-type=\"widget\" data-widget_type=\"image-box.default\">\n\t\t\t\t<div class=\"elementor-widget-container\">\n\t\t\t\t\t<div class=\"elementor-image-box-wrapper\"><figure class=\"elementor-image-box-img\"><img loading=\"lazy\" decoding=\"async\" width=\"270\" height=\"270\" src=\"https:\/\/prossesa.com.mx\/files\/SENIOR-INOX.png\" class=\"attachment-full size-full wp-image-4697\" alt=\"\" srcset=\"https:\/\/prossesa.com.mx\/files\/SENIOR-INOX.png 270w, https:\/\/prossesa.com.mx\/files\/SENIOR-INOX-150x150.png 150w\" sizes=\"(max-width: 270px) 100vw, 270px\" \/><\/figure><div class=\"elementor-image-box-content\"><h3 class=\"elementor-image-box-title\">Senior Stainless Steel<\/h3><p class=\"elementor-image-box-description\">Pump type: Three-phase submersible electric\n<br><br>Classification: IP68\n<br><br>Max. immersion depth: 20 meters\n<br><br>Cable: 20 meters, SUBCAB: Three-phase: 4G 2.5 mm2\n<br><br>Discharge connection: 3\u201d or 4\" - hose, ISO-G or NPT\n<br><br>Limitations: pH 2-11\n<br><br>Max liquid temperature: 40\u00b0C<\/p><\/div><\/div>\t\t\t\t<\/div>\n\t\t\t\t<\/div>\n\t\t\t\t\t<\/div>\n\t\t<\/div>\n\t\t\t\t<div class=\"elementor-column elementor-col-33 elementor-top-column elementor-element elementor-element-6291eb3\" data-id=\"6291eb3\" data-element_type=\"column\" data-e-type=\"column\">\n\t\t\t<div class=\"elementor-widget-wrap elementor-element-populated\">\n\t\t\t\t\t\t<div class=\"elementor-element elementor-element-4d23407 elementor-position-top elementor-widget elementor-widget-image-box\" data-id=\"4d23407\" data-element_type=\"widget\" data-e-type=\"widget\" data-widget_type=\"image-box.default\">\n\t\t\t\t<div class=\"elementor-widget-container\">\n\t\t\t\t\t<div class=\"elementor-image-box-wrapper\"><figure class=\"elementor-image-box-img\"><img loading=\"lazy\" decoding=\"async\" width=\"270\" height=\"270\" src=\"https:\/\/prossesa.com.mx\/files\/SALVADOR.png\" class=\"attachment-full size-full wp-image-4696\" alt=\"\" srcset=\"https:\/\/prossesa.com.mx\/files\/SALVADOR.png 270w, https:\/\/prossesa.com.mx\/files\/SALVADOR-150x150.png 150w\" sizes=\"(max-width: 270px) 100vw, 270px\" \/><\/figure><div class=\"elementor-image-box-content\"><h3 class=\"elementor-image-box-title\">Salvador<\/h3><p class=\"elementor-image-box-description\">Pump type: Electric submersible, single-phase and three-phase\n<br><br>Classification: IP68\n<br><br>Max. immersion depth: 20 meters\n<br><br>Cable: 20 meters, SUBCAB: 1-phase: 3G1.5mm2, 3-phase: 4G1.5mm2\n<br><br>Download connection: 3\u201d - hose, ISO-G or NPT\n<br><br>Limitations: pH 5-8\n<br><br>Max liquid temperature: 40\u00b0C<\/p><\/div><\/div>\t\t\t\t<\/div>\n\t\t\t\t<\/div>\n\t\t\t\t\t<\/div>\n\t\t<\/div>\n\t\t\t\t\t<\/div>\n\t\t<\/section>\n\t\t\t\t<section class=\"elementor-section elementor-top-section elementor-element elementor-element-84317bc elementor-section-boxed elementor-section-height-default elementor-section-height-default\" data-id=\"84317bc\" data-element_type=\"section\" data-e-type=\"section\">\n\t\t\t\t\t\t<div class=\"elementor-container elementor-column-gap-default\">\n\t\t\t\t\t<div class=\"elementor-column elementor-col-33 elementor-top-column elementor-element elementor-element-0022334\" data-id=\"0022334\" data-element_type=\"column\" data-e-type=\"column\">\n\t\t\t<div class=\"elementor-widget-wrap elementor-element-populated\">\n\t\t\t\t\t\t<div class=\"elementor-element elementor-element-a8c2fe5 elementor-position-top elementor-widget elementor-widget-image-box\" data-id=\"a8c2fe5\" data-element_type=\"widget\" data-e-type=\"widget\" data-widget_type=\"image-box.default\">\n\t\t\t\t<div class=\"elementor-widget-container\">\n\t\t\t\t\t<div class=\"elementor-image-box-wrapper\"><figure class=\"elementor-image-box-img\"><img loading=\"lazy\" decoding=\"async\" width=\"270\" height=\"270\" src=\"https:\/\/prossesa.com.mx\/files\/SENIOR.png\" class=\"attachment-full size-full wp-image-4698\" alt=\"\" srcset=\"https:\/\/prossesa.com.mx\/files\/SENIOR.png 270w, https:\/\/prossesa.com.mx\/files\/SENIOR-150x150.png 150w\" sizes=\"(max-width: 270px) 100vw, 270px\" \/><\/figure><div class=\"elementor-image-box-content\"><h3 class=\"elementor-image-box-title\">Salvador Stainless Steel<\/h3><p class=\"elementor-image-box-description\">Pump type: Electric submersible\n<br><br>Classification: IP68\n<br><br>Max. diving depth: 20m\n<br><br>Cable: H07RN8-F, 20 m length 4x1.5 mm2 4x2.5 mm2\n<br><br>Download connection: 3\u201d - hose, BSP or NPT\n<br><br>Limitations: pH 2-10\n<br><br>Max liquid temperature: 40\u00b0C<\/p><\/div><\/div>\t\t\t\t<\/div>\n\t\t\t\t<\/div>\n\t\t\t\t\t<\/div>\n\t\t<\/div>\n\t\t\t\t<div class=\"elementor-column elementor-col-33 elementor-top-column elementor-element elementor-element-e283369\" data-id=\"e283369\" data-element_type=\"column\" data-e-type=\"column\">\n\t\t\t<div class=\"elementor-widget-wrap elementor-element-populated\">\n\t\t\t\t\t\t<div class=\"elementor-element elementor-element-ed72a54 elementor-position-top elementor-widget elementor-widget-image-box\" data-id=\"ed72a54\" data-element_type=\"widget\" data-e-type=\"widget\" data-widget_type=\"image-box.default\">\n\t\t\t\t<div class=\"elementor-widget-container\">\n\t\t\t\t\t<div class=\"elementor-image-box-wrapper\"><figure class=\"elementor-image-box-img\"><img loading=\"lazy\" decoding=\"async\" width=\"270\" height=\"270\" src=\"https:\/\/prossesa.com.mx\/files\/SENIOR-INOX.png\" class=\"attachment-full size-full wp-image-4697\" alt=\"\" srcset=\"https:\/\/prossesa.com.mx\/files\/SENIOR-INOX.png 270w, https:\/\/prossesa.com.mx\/files\/SENIOR-INOX-150x150.png 150w\" sizes=\"(max-width: 270px) 100vw, 270px\" \/><\/figure><div class=\"elementor-image-box-content\"><h3 class=\"elementor-image-box-title\">Sandy Stainless Steel<\/h3><p class=\"elementor-image-box-description\">Pump type: Three-phase submersible electric\n<br><br>Classification: IP68\n<br><br>Maximum immersion depth: 20 meters\n<br><br>Cable: 20 meters, SUBCAB: Three-phase: 4G 2.5 mm2\n<br><br>Discharge connection: 3\u201d or 4\" - hose, ISO-G or NPT\n<br><br>Limitations: pH 2-11\n<br><br>Max liquid temperature: 40\u00b0C<\/p><\/div><\/div>\t\t\t\t<\/div>\n\t\t\t\t<\/div>\n\t\t\t\t\t<\/div>\n\t\t<\/div>\n\t\t\t\t<div class=\"elementor-column elementor-col-33 elementor-top-column elementor-element elementor-element-d7d4a1b\" data-id=\"d7d4a1b\" data-element_type=\"column\" data-e-type=\"column\">\n\t\t\t<div class=\"elementor-widget-wrap elementor-element-populated\">\n\t\t\t\t\t\t<div class=\"elementor-element elementor-element-6e7f56a elementor-position-top elementor-widget elementor-widget-image-box\" data-id=\"6e7f56a\" data-element_type=\"widget\" data-e-type=\"widget\" data-widget_type=\"image-box.default\">\n\t\t\t\t<div class=\"elementor-widget-container\">\n\t\t\t\t\t<div class=\"elementor-image-box-wrapper\"><figure class=\"elementor-image-box-img\"><img loading=\"lazy\" decoding=\"async\" width=\"270\" height=\"270\" src=\"https:\/\/prossesa.com.mx\/files\/SALVADOR.png\" class=\"attachment-full size-full wp-image-4696\" alt=\"\" srcset=\"https:\/\/prossesa.com.mx\/files\/SALVADOR.png 270w, https:\/\/prossesa.com.mx\/files\/SALVADOR-150x150.png 150w\" sizes=\"(max-width: 270px) 100vw, 270px\" \/><\/figure><div class=\"elementor-image-box-content\"><h3 class=\"elementor-image-box-title\">Salvador MSHA<\/h3><p class=\"elementor-image-box-description\">Pump type: Electrical submersible. Single-phase and three-phase.,\n<br><br>IP68 Rating\n<br><br>Maximum submersion 20m\n<br><br>Cable SUBCAB:\n1-phase: 20m: 3G1.5mm2\n1-phase: 16m: 14AWG\/3\n3-phase: 20m: 4G1.5mm2\n3-phase: 16m: 14AWG\/4\n<br><br>Discharge connection hose, ISO-G or NPT\n<br><br>Limitations pH 5-8\n<br><br>Max liquid temperature 40\u00b0C<\/p><\/div><\/div>\t\t\t\t<\/div>\n\t\t\t\t<\/div>\n\t\t\t\t\t<\/div>\n\t\t<\/div>\n\t\t\t\t\t<\/div>\n\t\t<\/section>\n\t\t\t\t<\/div>","protected":false},"excerpt":{"rendered":"<p>Bombas de Lodo Solid Tipo de bomba: El\u00e9ctrica sumergible Monof\u00e1sica Clasificaci\u00f3n: IP 68 Profundidad m\u00e1x. de sumersi\u00f3n: 10 m Cable: 10 m, H07RN-F, 3x1mm2 Conexi\u00f3n de descarga: 2\u201d &#8211; manguera, BSP o NPSM Limitaciones: pH 5-8 Temp. m\u00e1x. del l\u00edquido: 40\u00b0C Sandy N \/ H MSHA Pump type Electrical submersible One-phase and Three-phase, Classification IP [&hellip;]<\/p>\n","protected":false},"author":4,"featured_media":0,"parent":0,"menu_order":0,"comment_status":"closed","ping_status":"closed","template":"elementor_header_footer","meta":{"nf_dc_page":"","footnotes":""},"class_list":["post-4690","page","type-page","status-publish","hentry"],"_links":{"self":[{"href":"https:\/\/prossesa.com.mx\/en\/wp-json\/wp\/v2\/pages\/4690","targetHints":{"allow":["GET"]}}],"collection":[{"href":"https:\/\/prossesa.com.mx\/en\/wp-json\/wp\/v2\/pages"}],"about":[{"href":"https:\/\/prossesa.com.mx\/en\/wp-json\/wp\/v2\/types\/page"}],"author":[{"embeddable":true,"href":"https:\/\/prossesa.com.mx\/en\/wp-json\/wp\/v2\/users\/4"}],"replies":[{"embeddable":true,"href":"https:\/\/prossesa.com.mx\/en\/wp-json\/wp\/v2\/comments?post=4690"}],"version-history":[{"count":4,"href":"https:\/\/prossesa.com.mx\/en\/wp-json\/wp\/v2\/pages\/4690\/revisions"}],"predecessor-version":[{"id":4701,"href":"https:\/\/prossesa.com.mx\/en\/wp-json\/wp\/v2\/pages\/4690\/revisions\/4701"}],"wp:attachment":[{"href":"https:\/\/prossesa.com.mx\/en\/wp-json\/wp\/v2\/media?parent=4690"}],"curies":[{"name":"wp","href":"https:\/\/api.w.org\/{rel}","templated":true}]}}